{"id":2146,"date":"2024-09-09T08:05:49","date_gmt":"2024-09-09T08:05:49","guid":{"rendered":"https:\/\/krcsports.com\/?post_type=product&#038;p=2146"},"modified":"2024-11-10T09:16:53","modified_gmt":"2024-11-10T09:16:53","slug":"kid-groin-guard","status":"publish","type":"product","link":"https:\/\/krcsports.com\/es\/manufacturer\/kid-groin-guard\/","title":{"rendered":"protector de ingle para ni\u00f1os"},"content":{"rendered":"<section class=\"section\" id=\"section_1775827087\">\n\t\t<div class=\"bg section-bg fill bg-fill  bg-loaded\" >\n\n\t\t\t\n\t\t\t\n\t\t\t\n\n\t\t<\/div>\n\n\t\t\n\n\t\t<div class=\"section-content relative\">\n\t\t\t\n<ul class=\"a-unordered-list a-vertical a-spacing-mini\">\n<li class=\"a-spacing-mini\"><span class=\"a-list-item\">Protector de ingle para ni\u00f1os, con absorci\u00f3n de impactos, para taekwondo, boxeo, kickboxing, deportes de lucha, protector de ingle y abdomen para entrenamiento de lucha de k\u00e1rate. El dise\u00f1o transpirable puede hacer que te sientas m\u00e1s c\u00f3modo al usarlo y reduce la fricci\u00f3n.<\/span><\/li>\n<\/ul>\n<p>\u00a0<\/p>\n<ul class=\"a-unordered-list a-vertical a-spacing-mini\">\n<li class=\"a-spacing-mini\"><span class=\"a-list-item\">Ajuste el\u00e1stico: las correas el\u00e1sticas y la cintura el\u00e1stica permiten a los usuarios encontrar el ajuste \u00f3ptimo y c\u00f3modo del soporte de ingle, lo que les permite practicar y entrenar con la mayor comodidad posible.<\/span><\/li>\n<\/ul>\n<p>\u00a0<\/p>\n<ul class=\"a-unordered-list a-vertical a-spacing-mini\">\n<li class=\"a-spacing-mini\"><span class=\"a-list-item\">Ventilado y que absorbe el sudor: la tela de poli\u00e9ster est\u00e1 ventilada y absorbe el sudor para garantizar que los usuarios puedan disfrutar de una experiencia de entrenamiento seca y c\u00f3moda al usar el soporte de ingle para hombres.<\/span><\/li>\n<\/ul>\n<p>\u00a0<\/p>\n<ul class=\"a-unordered-list a-vertical a-spacing-mini\">\n<li class=\"a-spacing-mini\"><span class=\"a-list-item\">Protector abdominal de ingle tailand\u00e9s: muy recomendado para taekwondo, boxeo, k\u00e1rate, etc. Es muy \u00fatil. Alta densidad en el interior, proporciona una fuerte protecci\u00f3n y un cuidado de absorci\u00f3n de impactos. Protector de ingle profesional Protector de entrepierna resistente al desgaste Protector de entrepierna port\u00e1til<\/span><\/li>\n<\/ul>\n<p>\u00a0<\/p>\n<ul class=\"a-unordered-list a-vertical a-spacing-mini\">\n<li class=\"a-spacing-mini\"><span class=\"a-list-item\">Protector de ingle para boxeo: Ya sea que sea un profesional o simplemente un amante del boxeo amateur, es necesario equipar este protector. El pl\u00e1stico de ingenier\u00eda de PU, ABS y el material de esponja son duraderos, este protector es adecuado para deportes competitivos para el hombre.<\/span><\/li>\n<\/ul>\n\t\t<\/div>\n\n\t\t\n<style>\n#section_1775827087 {\n  padding-top: 30px;\n  padding-bottom: 30px;\n}\n<\/style>\n\t<\/section>","protected":false},"excerpt":{"rendered":"<p>.Material: PU<\/p>\n<p>Permite un ajuste muy c\u00f3modo y sin restricciones.<\/p>\n<p>Ofrece mayor protecci\u00f3n.<\/p>\n<p>Excelente dise\u00f1o que ayuda a proteger las zonas de la ingle y la parte inferior del abdomen.<\/p>\n<p>Ayuda a proteger los ri\u00f1ones, el h\u00edgado, las ingles, los hombres y las caderas.<\/p>","protected":false},"featured_media":2266,"template":"","meta":[],"product_cat":[51,44],"product_tag":[],"class_list":{"0":"post-2146","1":"product","2":"type-product","3":"status-publish","4":"has-post-thumbnail","6":"product_cat-martial-arts-protective-gear","7":"product_cat-boxing-protective-gear","9":"first","10":"instock","11":"shipping-taxable","12":"product-type-simple"},"yoast_head":"<!-- This site is optimized with the Yoast SEO plugin v22.7 - https:\/\/yoast.com\/wordpress\/plugins\/seo\/ -->\n<title>kid groin guard - trustworthy combat sports equipment manufacturer<\/title>\n<meta name=\"description\" content=\"Kids Groin Guard, Sports Groin Abdominal Protector Boxing Taekwondo Groin Guard Protection Karate Thai Groin Ab Protector Kickboxing Fight Protective Cup Red\" \/>\n<meta name=\"robots\" content=\"index, follow, max-snippet:-1, max-image-preview:large, max-video-preview:-1\" \/>\n<link rel=\"canonical\" href=\"https:\/\/krcsports.com\/es\/producto\/kid-groin-guard\/\" \/>\n<meta property=\"og:locale\" content=\"es_ES\" \/>\n<meta property=\"og:type\" content=\"article\" \/>\n<meta property=\"og:title\" content=\"kid groin guard - trustworthy combat sports equipment manufacturer\" \/>\n<meta property=\"og:description\" content=\"Kids Groin Guard, Sports Groin Abdominal Protector Boxing Taekwondo Groin Guard Protection Karate Thai Groin Ab Protector Kickboxing Fight Protective Cup Red\" \/>\n<meta property=\"og:url\" content=\"https:\/\/krcsports.com\/es\/producto\/kid-groin-guard\/\" \/>\n<meta property=\"og:site_name\" content=\"trustworthy combat sports equipment manufacturer\" \/>\n<meta property=\"article:publisher\" content=\"https:\/\/www.facebook.com\/people\/Krc-sports\/100063994129159\/\" \/>\n<meta property=\"article:modified_time\" content=\"2024-11-10T09:16:53+00:00\" \/>\n<meta property=\"og:image\" content=\"https:\/\/krcsports.com\/wp-content\/uploads\/2024\/09\/kid-groin-guard1.webp\" \/>\n\t<meta property=\"og:image:width\" content=\"800\" \/>\n\t<meta property=\"og:image:height\" content=\"800\" \/>\n\t<meta property=\"og:image:type\" content=\"image\/webp\" \/>\n<meta name=\"twitter:card\" content=\"summary_large_image\" \/>\n<meta name=\"twitter:label1\" content=\"Tiempo de lectura\" \/>\n\t<meta name=\"twitter:data1\" content=\"1 minuto\" \/>\n<script type=\"application\/ld+json\" class=\"yoast-schema-graph\">{\"@context\":\"https:\/\/schema.org\",\"@graph\":[{\"@type\":\"WebPage\",\"@id\":\"https:\/\/krcsports.com\/manufacturer\/kid-groin-guard\/\",\"url\":\"https:\/\/krcsports.com\/manufacturer\/kid-groin-guard\/\",\"name\":\"kid groin guard - trustworthy combat sports equipment manufacturer\",\"isPartOf\":{\"@id\":\"https:\/\/krcsports.com\/#website\"},\"primaryImageOfPage\":{\"@id\":\"https:\/\/krcsports.com\/manufacturer\/kid-groin-guard\/#primaryimage\"},\"image\":{\"@id\":\"https:\/\/krcsports.com\/manufacturer\/kid-groin-guard\/#primaryimage\"},\"thumbnailUrl\":\"https:\/\/cdn.krcsports.com\/2024\/09\/kid-groin-guard1.webp\",\"datePublished\":\"2024-09-09T08:05:49+00:00\",\"dateModified\":\"2024-11-10T09:16:53+00:00\",\"description\":\"Kids Groin Guard, Sports Groin Abdominal Protector Boxing Taekwondo Groin Guard Protection Karate Thai Groin Ab Protector Kickboxing Fight Protective Cup Red\",\"breadcrumb\":{\"@id\":\"https:\/\/krcsports.com\/manufacturer\/kid-groin-guard\/#breadcrumb\"},\"inLanguage\":\"es\",\"potentialAction\":[{\"@type\":\"ReadAction\",\"target\":[\"https:\/\/krcsports.com\/manufacturer\/kid-groin-guard\/\"]}]},{\"@type\":\"ImageObject\",\"inLanguage\":\"es\",\"@id\":\"https:\/\/krcsports.com\/manufacturer\/kid-groin-guard\/#primaryimage\",\"url\":\"https:\/\/cdn.krcsports.com\/2024\/09\/kid-groin-guard1.webp\",\"contentUrl\":\"https:\/\/cdn.krcsports.com\/2024\/09\/kid-groin-guard1.webp\",\"width\":800,\"height\":800,\"caption\":\"kid groin guard\"},{\"@type\":\"BreadcrumbList\",\"@id\":\"https:\/\/krcsports.com\/manufacturer\/kid-groin-guard\/#breadcrumb\",\"itemListElement\":[{\"@type\":\"ListItem\",\"position\":1,\"name\":\"Home\",\"item\":\"https:\/\/krcsports.com\/\"},{\"@type\":\"ListItem\",\"position\":2,\"name\":\"Products\",\"item\":\"https:\/\/krcsports.com\/shop\/\"},{\"@type\":\"ListItem\",\"position\":3,\"name\":\"kid groin guard\"}]},{\"@type\":\"WebSite\",\"@id\":\"https:\/\/krcsports.com\/#website\",\"url\":\"https:\/\/krcsports.com\/\",\"name\":\"krc sports\",\"description\":\"\",\"publisher\":{\"@id\":\"https:\/\/krcsports.com\/#organization\"},\"potentialAction\":[{\"@type\":\"SearchAction\",\"target\":{\"@type\":\"EntryPoint\",\"urlTemplate\":\"https:\/\/krcsports.com\/?s={search_term_string}\"},\"query-input\":\"required name=search_term_string\"}],\"inLanguage\":\"es\"},{\"@type\":\"Organization\",\"@id\":\"https:\/\/krcsports.com\/#organization\",\"name\":\"krc sports\",\"url\":\"https:\/\/krcsports.com\/\",\"logo\":{\"@type\":\"ImageObject\",\"inLanguage\":\"es\",\"@id\":\"https:\/\/krcsports.com\/#\/schema\/logo\/image\/\",\"url\":\"https:\/\/krcsports.com\/wp-content\/uploads\/2024\/07\/logo.webp\",\"contentUrl\":\"https:\/\/krcsports.com\/wp-content\/uploads\/2024\/07\/logo.webp\",\"width\":80,\"height\":60,\"caption\":\"krc sports\"},\"image\":{\"@id\":\"https:\/\/krcsports.com\/#\/schema\/logo\/image\/\"},\"sameAs\":[\"https:\/\/www.facebook.com\/people\/Krc-sports\/100063994129159\/\"]}]}<\/script>\n<!-- \/ Yoast SEO plugin. -->","yoast_head_json":{"title":"Protector de ingle para ni\u00f1os: fabricante confiable de equipos para deportes de combate","description":"Protector de ingle para ni\u00f1os, protector de ingle abdominal deportivo, protector de ingle para boxeo, taekwondo, protector de ingle para k\u00e1rate, tailand\u00e9s, protector de ingle para abdominales, kickboxing, protector de lucha, copa roja","robots":{"index":"index","follow":"follow","max-snippet":"max-snippet:-1","max-image-preview":"max-image-preview:large","max-video-preview":"max-video-preview:-1"},"canonical":"https:\/\/krcsports.com\/es\/producto\/kid-groin-guard\/","og_locale":"es_ES","og_type":"article","og_title":"kid groin guard - trustworthy combat sports equipment manufacturer","og_description":"Kids Groin Guard, Sports Groin Abdominal Protector Boxing Taekwondo Groin Guard Protection Karate Thai Groin Ab Protector Kickboxing Fight Protective Cup Red","og_url":"https:\/\/krcsports.com\/es\/producto\/kid-groin-guard\/","og_site_name":"trustworthy combat sports equipment manufacturer","article_publisher":"https:\/\/www.facebook.com\/people\/Krc-sports\/100063994129159\/","article_modified_time":"2024-11-10T09:16:53+00:00","og_image":[{"width":800,"height":800,"url":"https:\/\/krcsports.com\/wp-content\/uploads\/2024\/09\/kid-groin-guard1.webp","type":"image\/webp"}],"twitter_card":"summary_large_image","twitter_misc":{"Tiempo de lectura":"1 minuto"},"schema":{"@context":"https:\/\/schema.org","@graph":[{"@type":"WebPage","@id":"https:\/\/krcsports.com\/manufacturer\/kid-groin-guard\/","url":"https:\/\/krcsports.com\/manufacturer\/kid-groin-guard\/","name":"Protector de ingle para ni\u00f1os: fabricante confiable de equipos para deportes de combate","isPartOf":{"@id":"https:\/\/krcsports.com\/#website"},"primaryImageOfPage":{"@id":"https:\/\/krcsports.com\/manufacturer\/kid-groin-guard\/#primaryimage"},"image":{"@id":"https:\/\/krcsports.com\/manufacturer\/kid-groin-guard\/#primaryimage"},"thumbnailUrl":"https:\/\/cdn.krcsports.com\/2024\/09\/kid-groin-guard1.webp","datePublished":"2024-09-09T08:05:49+00:00","dateModified":"2024-11-10T09:16:53+00:00","description":"Protector de ingle para ni\u00f1os, protector de ingle abdominal deportivo, protector de ingle para boxeo, taekwondo, protector de ingle para k\u00e1rate, tailand\u00e9s, protector de ingle para abdominales, kickboxing, protector de lucha, copa roja","breadcrumb":{"@id":"https:\/\/krcsports.com\/manufacturer\/kid-groin-guard\/#breadcrumb"},"inLanguage":"es","potentialAction":[{"@type":"ReadAction","target":["https:\/\/krcsports.com\/manufacturer\/kid-groin-guard\/"]}]},{"@type":"ImageObject","inLanguage":"es","@id":"https:\/\/krcsports.com\/manufacturer\/kid-groin-guard\/#primaryimage","url":"https:\/\/cdn.krcsports.com\/2024\/09\/kid-groin-guard1.webp","contentUrl":"https:\/\/cdn.krcsports.com\/2024\/09\/kid-groin-guard1.webp","width":800,"height":800,"caption":"kid groin guard"},{"@type":"BreadcrumbList","@id":"https:\/\/krcsports.com\/manufacturer\/kid-groin-guard\/#breadcrumb","itemListElement":[{"@type":"ListItem","position":1,"name":"Home","item":"https:\/\/krcsports.com\/"},{"@type":"ListItem","position":2,"name":"Products","item":"https:\/\/krcsports.com\/shop\/"},{"@type":"ListItem","position":3,"name":"kid groin guard"}]},{"@type":"WebSite","@id":"https:\/\/krcsports.com\/#website","url":"https:\/\/krcsports.com\/","name":"deportes krc","description":"","publisher":{"@id":"https:\/\/krcsports.com\/#organization"},"potentialAction":[{"@type":"SearchAction","target":{"@type":"EntryPoint","urlTemplate":"https:\/\/krcsports.com\/?s={search_term_string}"},"query-input":"required name=search_term_string"}],"inLanguage":"es"},{"@type":"Organization","@id":"https:\/\/krcsports.com\/#organization","name":"deportes krc","url":"https:\/\/krcsports.com\/","logo":{"@type":"ImageObject","inLanguage":"es","@id":"https:\/\/krcsports.com\/#\/schema\/logo\/image\/","url":"https:\/\/krcsports.com\/wp-content\/uploads\/2024\/07\/logo.webp","contentUrl":"https:\/\/krcsports.com\/wp-content\/uploads\/2024\/07\/logo.webp","width":80,"height":60,"caption":"krc sports"},"image":{"@id":"https:\/\/krcsports.com\/#\/schema\/logo\/image\/"},"sameAs":["https:\/\/www.facebook.com\/people\/Krc-sports\/100063994129159\/"]}]}},"_links":{"self":[{"href":"https:\/\/krcsports.com\/es\/wp-json\/wp\/v2\/product\/2146","targetHints":{"allow":["GET"]}}],"collection":[{"href":"https:\/\/krcsports.com\/es\/wp-json\/wp\/v2\/product"}],"about":[{"href":"https:\/\/krcsports.com\/es\/wp-json\/wp\/v2\/types\/product"}],"wp:featuredmedia":[{"embeddable":true,"href":"https:\/\/krcsports.com\/es\/wp-json\/wp\/v2\/media\/2266"}],"wp:attachment":[{"href":"https:\/\/krcsports.com\/es\/wp-json\/wp\/v2\/media?parent=2146"}],"wp:term":[{"taxonomy":"product_cat","embeddable":true,"href":"https:\/\/krcsports.com\/es\/wp-json\/wp\/v2\/product_cat?post=2146"},{"taxonomy":"product_tag","embeddable":true,"href":"https:\/\/krcsports.com\/es\/wp-json\/wp\/v2\/product_tag?post=2146"}],"curies":[{"name":"wp","href":"https:\/\/api.w.org\/{rel}","templated":true}]}}