{"id":2073,"date":"2024-09-09T06:52:39","date_gmt":"2024-09-09T06:52:39","guid":{"rendered":"https:\/\/krcsports.com\/?post_type=product&#038;p=2073"},"modified":"2024-11-23T14:22:17","modified_gmt":"2024-11-23T14:22:17","slug":"mma-sparring-training-gloves","status":"publish","type":"product","link":"https:\/\/krcsports.com\/es\/manufacturer\/mma-sparring-training-gloves\/","title":{"rendered":"Guantes de entrenamiento de combate de MMA"},"content":{"rendered":"<p>El guante de entrenamiento de combate MMA est\u00e1 dise\u00f1ado para un alto rendimiento duradero.<\/p>\n<p>Los guantes de kickboxing est\u00e1n acolchados con espuma EVA suave.<\/p>\n<p>El coj\u00edn de espuma garantiza que el impacto del boxeo se disperse de manera efectiva durante el entrenamiento o la competici\u00f3n.<\/p>\n<p>Otra caracter\u00edstica de los guantes de MMA es la costura reforzada, que proporciona soporte para la mu\u00f1eca durante los golpes con una correa de cierre de velcro.<\/p>\n<p>Los mitones de artes marciales h\u00edbridos con palma abierta, f\u00e1ciles de usar, cuentan con un dise\u00f1o exclusivo de anillo de cuero y forro acolchado para el pulgar, un<\/p>\n<p>Permite a los usuarios aumentar la flexibilidad y ajustar los guantes correctamente para un calce \u00f3ptimo. Este dise\u00f1o mejora a\u00fan m\u00e1s la fuerza de agarre y proporciona un excelente efecto de agarre durante el agarre.<\/p>\n<p>Los guantes de entrenamiento de combate de artes marciales son ideales para Taekwondo, combate, artes marciales, sparring, boxeo tailand\u00e9s, boxeo, bolsas de velocidad o cualquier ejercicio de entrenamiento diario liviano.<\/p>","protected":false},"excerpt":{"rendered":"<p>Los guantes de entrenamiento de MMA tienen dos tama\u00f1os <\/p>\n<p>Los materiales son cuero o cuero sint\u00e9tico.<\/p>\n<p>Los colores se pueden personalizar.<\/p>","protected":false},"featured_media":2079,"template":"","meta":[],"product_cat":[42],"product_tag":[],"class_list":{"0":"post-2073","1":"product","2":"type-product","3":"status-publish","4":"has-post-thumbnail","6":"product_cat-boxing-gloves","8":"first","9":"instock","10":"shipping-taxable","11":"product-type-simple"},"yoast_head":"<!-- This site is optimized with the Yoast SEO plugin v22.7 - https:\/\/yoast.com\/wordpress\/plugins\/seo\/ -->\n<title>MMA Sparring Training Gloves - trustworthy combat sports equipment manufacturer<\/title>\n<meta name=\"description\" content=\"MMA Sparring Training Gloves Men &amp; Women MMA Gloves for Sparring Grappling, Hybrid Open Palm Martial Arts Mitts, Maya Hide Leather Wrist Support, Fighting Combat Sports MMA Boxing Glove for Men Women Punching Bag Muay Thai Training\" \/>\n<meta name=\"robots\" content=\"index, follow, max-snippet:-1, max-image-preview:large, max-video-preview:-1\" \/>\n<link rel=\"canonical\" href=\"https:\/\/krcsports.com\/es\/producto\/mma-sparring-training-gloves\/\" \/>\n<meta property=\"og:locale\" content=\"es_ES\" \/>\n<meta property=\"og:type\" content=\"article\" \/>\n<meta property=\"og:title\" content=\"MMA Sparring Training Gloves - trustworthy combat sports equipment manufacturer\" \/>\n<meta property=\"og:description\" content=\"MMA Sparring Training Gloves Men &amp; Women MMA Gloves for Sparring Grappling, Hybrid Open Palm Martial Arts Mitts, Maya Hide Leather Wrist Support, Fighting Combat Sports MMA Boxing Glove for Men Women Punching Bag Muay Thai Training\" \/>\n<meta property=\"og:url\" content=\"https:\/\/krcsports.com\/es\/producto\/mma-sparring-training-gloves\/\" \/>\n<meta property=\"og:site_name\" content=\"trustworthy combat sports equipment manufacturer\" \/>\n<meta property=\"article:publisher\" content=\"https:\/\/www.facebook.com\/people\/Krc-sports\/100063994129159\/\" \/>\n<meta property=\"article:modified_time\" content=\"2024-11-23T14:22:17+00:00\" \/>\n<meta property=\"og:image\" content=\"https:\/\/krcsports.com\/wp-content\/uploads\/2024\/09\/mma-glove-6.webp\" \/>\n\t<meta property=\"og:image:width\" content=\"640\" \/>\n\t<meta property=\"og:image:height\" content=\"640\" \/>\n\t<meta property=\"og:image:type\" content=\"image\/webp\" \/>\n<meta name=\"twitter:card\" content=\"summary_large_image\" \/>\n<meta name=\"twitter:label1\" content=\"Tiempo de lectura\" \/>\n\t<meta name=\"twitter:data1\" content=\"1 minuto\" \/>\n<script type=\"application\/ld+json\" class=\"yoast-schema-graph\">{\"@context\":\"https:\/\/schema.org\",\"@graph\":[{\"@type\":\"WebPage\",\"@id\":\"https:\/\/krcsports.com\/manufacturer\/mma-sparring-training-gloves\/\",\"url\":\"https:\/\/krcsports.com\/manufacturer\/mma-sparring-training-gloves\/\",\"name\":\"MMA Sparring Training Gloves - trustworthy combat sports equipment manufacturer\",\"isPartOf\":{\"@id\":\"https:\/\/krcsports.com\/#website\"},\"primaryImageOfPage\":{\"@id\":\"https:\/\/krcsports.com\/manufacturer\/mma-sparring-training-gloves\/#primaryimage\"},\"image\":{\"@id\":\"https:\/\/krcsports.com\/manufacturer\/mma-sparring-training-gloves\/#primaryimage\"},\"thumbnailUrl\":\"https:\/\/cdn.krcsports.com\/2024\/09\/mma-glove-6.webp\",\"datePublished\":\"2024-09-09T06:52:39+00:00\",\"dateModified\":\"2024-11-23T14:22:17+00:00\",\"description\":\"MMA Sparring Training Gloves Men & Women MMA Gloves for Sparring Grappling, Hybrid Open Palm Martial Arts Mitts, Maya Hide Leather Wrist Support, Fighting Combat Sports MMA Boxing Glove for Men Women Punching Bag Muay Thai Training\",\"breadcrumb\":{\"@id\":\"https:\/\/krcsports.com\/manufacturer\/mma-sparring-training-gloves\/#breadcrumb\"},\"inLanguage\":\"es\",\"potentialAction\":[{\"@type\":\"ReadAction\",\"target\":[\"https:\/\/krcsports.com\/manufacturer\/mma-sparring-training-gloves\/\"]}]},{\"@type\":\"ImageObject\",\"inLanguage\":\"es\",\"@id\":\"https:\/\/krcsports.com\/manufacturer\/mma-sparring-training-gloves\/#primaryimage\",\"url\":\"https:\/\/cdn.krcsports.com\/2024\/09\/mma-glove-6.webp\",\"contentUrl\":\"https:\/\/cdn.krcsports.com\/2024\/09\/mma-glove-6.webp\",\"width\":640,\"height\":640,\"caption\":\"mma glove\"},{\"@type\":\"BreadcrumbList\",\"@id\":\"https:\/\/krcsports.com\/manufacturer\/mma-sparring-training-gloves\/#breadcrumb\",\"itemListElement\":[{\"@type\":\"ListItem\",\"position\":1,\"name\":\"Home\",\"item\":\"https:\/\/krcsports.com\/\"},{\"@type\":\"ListItem\",\"position\":2,\"name\":\"Products\",\"item\":\"https:\/\/krcsports.com\/shop\/\"},{\"@type\":\"ListItem\",\"position\":3,\"name\":\"MMA Sparring Training Gloves\"}]},{\"@type\":\"WebSite\",\"@id\":\"https:\/\/krcsports.com\/#website\",\"url\":\"https:\/\/krcsports.com\/\",\"name\":\"krc sports\",\"description\":\"\",\"publisher\":{\"@id\":\"https:\/\/krcsports.com\/#organization\"},\"potentialAction\":[{\"@type\":\"SearchAction\",\"target\":{\"@type\":\"EntryPoint\",\"urlTemplate\":\"https:\/\/krcsports.com\/?s={search_term_string}\"},\"query-input\":\"required name=search_term_string\"}],\"inLanguage\":\"es\"},{\"@type\":\"Organization\",\"@id\":\"https:\/\/krcsports.com\/#organization\",\"name\":\"krc sports\",\"url\":\"https:\/\/krcsports.com\/\",\"logo\":{\"@type\":\"ImageObject\",\"inLanguage\":\"es\",\"@id\":\"https:\/\/krcsports.com\/#\/schema\/logo\/image\/\",\"url\":\"https:\/\/krcsports.com\/wp-content\/uploads\/2024\/07\/logo.webp\",\"contentUrl\":\"https:\/\/krcsports.com\/wp-content\/uploads\/2024\/07\/logo.webp\",\"width\":80,\"height\":60,\"caption\":\"krc sports\"},\"image\":{\"@id\":\"https:\/\/krcsports.com\/#\/schema\/logo\/image\/\"},\"sameAs\":[\"https:\/\/www.facebook.com\/people\/Krc-sports\/100063994129159\/\"]}]}<\/script>\n<!-- \/ Yoast SEO plugin. -->","yoast_head_json":{"title":"Guantes de entrenamiento de MMA: fabricante de equipos para deportes de combate de confianza","description":"Guantes de entrenamiento de MMA para hombres y mujeres, guantes de MMA para sparring, guantes h\u00edbridos de palma abierta para artes marciales, soporte de mu\u00f1eca de cuero Maya Hide, guantes de boxeo para deportes de combate de lucha MMA para hombres y mujeres, saco de boxeo, entrenamiento de Muay Thai","robots":{"index":"index","follow":"follow","max-snippet":"max-snippet:-1","max-image-preview":"max-image-preview:large","max-video-preview":"max-video-preview:-1"},"canonical":"https:\/\/krcsports.com\/es\/producto\/mma-sparring-training-gloves\/","og_locale":"es_ES","og_type":"article","og_title":"MMA Sparring Training Gloves - trustworthy combat sports equipment manufacturer","og_description":"MMA Sparring Training Gloves Men & Women MMA Gloves for Sparring Grappling, Hybrid Open Palm Martial Arts Mitts, Maya Hide Leather Wrist Support, Fighting Combat Sports MMA Boxing Glove for Men Women Punching Bag Muay Thai Training","og_url":"https:\/\/krcsports.com\/es\/producto\/mma-sparring-training-gloves\/","og_site_name":"trustworthy combat sports equipment manufacturer","article_publisher":"https:\/\/www.facebook.com\/people\/Krc-sports\/100063994129159\/","article_modified_time":"2024-11-23T14:22:17+00:00","og_image":[{"width":640,"height":640,"url":"https:\/\/krcsports.com\/wp-content\/uploads\/2024\/09\/mma-glove-6.webp","type":"image\/webp"}],"twitter_card":"summary_large_image","twitter_misc":{"Tiempo de lectura":"1 minuto"},"schema":{"@context":"https:\/\/schema.org","@graph":[{"@type":"WebPage","@id":"https:\/\/krcsports.com\/manufacturer\/mma-sparring-training-gloves\/","url":"https:\/\/krcsports.com\/manufacturer\/mma-sparring-training-gloves\/","name":"Guantes de entrenamiento de MMA: fabricante de equipos para deportes de combate de confianza","isPartOf":{"@id":"https:\/\/krcsports.com\/#website"},"primaryImageOfPage":{"@id":"https:\/\/krcsports.com\/manufacturer\/mma-sparring-training-gloves\/#primaryimage"},"image":{"@id":"https:\/\/krcsports.com\/manufacturer\/mma-sparring-training-gloves\/#primaryimage"},"thumbnailUrl":"https:\/\/cdn.krcsports.com\/2024\/09\/mma-glove-6.webp","datePublished":"2024-09-09T06:52:39+00:00","dateModified":"2024-11-23T14:22:17+00:00","description":"Guantes de entrenamiento de MMA para hombres y mujeres, guantes de MMA para sparring, guantes h\u00edbridos de palma abierta para artes marciales, soporte de mu\u00f1eca de cuero Maya Hide, guantes de boxeo para deportes de combate de lucha MMA para hombres y mujeres, saco de boxeo, entrenamiento de Muay Thai","breadcrumb":{"@id":"https:\/\/krcsports.com\/manufacturer\/mma-sparring-training-gloves\/#breadcrumb"},"inLanguage":"es","potentialAction":[{"@type":"ReadAction","target":["https:\/\/krcsports.com\/manufacturer\/mma-sparring-training-gloves\/"]}]},{"@type":"ImageObject","inLanguage":"es","@id":"https:\/\/krcsports.com\/manufacturer\/mma-sparring-training-gloves\/#primaryimage","url":"https:\/\/cdn.krcsports.com\/2024\/09\/mma-glove-6.webp","contentUrl":"https:\/\/cdn.krcsports.com\/2024\/09\/mma-glove-6.webp","width":640,"height":640,"caption":"mma glove"},{"@type":"BreadcrumbList","@id":"https:\/\/krcsports.com\/manufacturer\/mma-sparring-training-gloves\/#breadcrumb","itemListElement":[{"@type":"ListItem","position":1,"name":"Home","item":"https:\/\/krcsports.com\/"},{"@type":"ListItem","position":2,"name":"Products","item":"https:\/\/krcsports.com\/shop\/"},{"@type":"ListItem","position":3,"name":"MMA Sparring Training Gloves"}]},{"@type":"WebSite","@id":"https:\/\/krcsports.com\/#website","url":"https:\/\/krcsports.com\/","name":"deportes krc","description":"","publisher":{"@id":"https:\/\/krcsports.com\/#organization"},"potentialAction":[{"@type":"SearchAction","target":{"@type":"EntryPoint","urlTemplate":"https:\/\/krcsports.com\/?s={search_term_string}"},"query-input":"required name=search_term_string"}],"inLanguage":"es"},{"@type":"Organization","@id":"https:\/\/krcsports.com\/#organization","name":"deportes krc","url":"https:\/\/krcsports.com\/","logo":{"@type":"ImageObject","inLanguage":"es","@id":"https:\/\/krcsports.com\/#\/schema\/logo\/image\/","url":"https:\/\/krcsports.com\/wp-content\/uploads\/2024\/07\/logo.webp","contentUrl":"https:\/\/krcsports.com\/wp-content\/uploads\/2024\/07\/logo.webp","width":80,"height":60,"caption":"krc sports"},"image":{"@id":"https:\/\/krcsports.com\/#\/schema\/logo\/image\/"},"sameAs":["https:\/\/www.facebook.com\/people\/Krc-sports\/100063994129159\/"]}]}},"_links":{"self":[{"href":"https:\/\/krcsports.com\/es\/wp-json\/wp\/v2\/product\/2073","targetHints":{"allow":["GET"]}}],"collection":[{"href":"https:\/\/krcsports.com\/es\/wp-json\/wp\/v2\/product"}],"about":[{"href":"https:\/\/krcsports.com\/es\/wp-json\/wp\/v2\/types\/product"}],"wp:featuredmedia":[{"embeddable":true,"href":"https:\/\/krcsports.com\/es\/wp-json\/wp\/v2\/media\/2079"}],"wp:attachment":[{"href":"https:\/\/krcsports.com\/es\/wp-json\/wp\/v2\/media?parent=2073"}],"wp:term":[{"taxonomy":"product_cat","embeddable":true,"href":"https:\/\/krcsports.com\/es\/wp-json\/wp\/v2\/product_cat?post=2073"},{"taxonomy":"product_tag","embeddable":true,"href":"https:\/\/krcsports.com\/es\/wp-json\/wp\/v2\/product_tag?post=2073"}],"curies":[{"name":"wp","href":"https:\/\/api.w.org\/{rel}","templated":true}]}}