{"id":3054,"date":"2024-11-12T05:18:30","date_gmt":"2024-11-12T05:18:30","guid":{"rendered":"https:\/\/krcsports.com\/?post_type=product&#038;p=3054"},"modified":"2024-11-12T05:40:14","modified_gmt":"2024-11-12T05:40:14","slug":"aqua-bag","status":"publish","type":"product","link":"https:\/\/krcsports.com\/de\/manufacturer\/aqua-bag\/","title":{"rendered":"Aqua Tasche"},"content":{"rendered":"<section class=\"section\" id=\"section_272146986\">\n\t\t<div class=\"bg section-bg fill bg-fill  bg-loaded\" >\n\n\t\t\t\n\t\t\t\n\t\t\t\n\n\t\t<\/div>\n\n\t\t\n\n\t\t<div class=\"section-content relative\">\n\t\t\t\n<ul class=\"a-unordered-list a-vertical a-spacing-mini\">\n<li class=\"a-spacing-mini\"><span class=\"a-list-item\">Vielf\u00e4ltige Einsatzm\u00f6glichkeiten: Dieser tragbare Wassersandsack eignet sich vielseitig f\u00fcr Sanda, Boxen, K\u00e4mpfen usw. Der kompakte Haushalts-Boxball kann \u00fcberall und jederzeit verwendet werden. Er sieht sehr stylisch aus und wird Ihnen ein gutes Erlebnis bieten.<\/span><\/li>\n<\/ul>\n<p>\u00a0<\/p>\n<ul class=\"a-unordered-list a-vertical a-spacing-mini\">\n<li class=\"a-spacing-mini\"><span class=\"a-list-item\">Richtige Gr\u00f6\u00dfe: Der Balldurchmesser betr\u00e4gt nach der Wassereinspritzung 22 cm\/8,66 Zoll, angenehmes Handgef\u00fchl. Dieser Wasserboxsack ist eine gro\u00dfartige langfristige Investition f\u00fcr Ihr Heim-Fitnessstudio und ideal f\u00fcr Erwachsene, Jugendliche und Kinder. Dieser Boxsack erf\u00fcllt Ihre Trainingsanforderungen wie Kickboxen, Karate, Taekwondo, Muay Thai, Krav Maga, Mixed Martial Art usw.<\/span><\/li>\n<\/ul>\n<p>\u00a0<\/p>\n<ul class=\"a-unordered-list a-vertical a-spacing-mini\">\n<li class=\"a-spacing-mini\"><span class=\"a-list-item\">Hochwertiges Material: Im Vergleich zu herk\u00f6mmlichen Sands\u00e4cken kann dieser mit Wasser gef\u00fcllte schwere Sack harte Schl\u00e4ge problemlos absorbieren und die Kraft gleichm\u00e4\u00dfig verteilen, sodass Sie das Gef\u00fchl haben, jemanden mit K\u00f6rperpolstern zu schlagen. Durch die Verwendung von verschlei\u00dffestem und verdicktem PVC-Material kann der Wassersack langfristigen Angriffen standhalten.<\/span><\/li>\n<\/ul>\n<p>\u00a0<\/p>\n<ul class=\"a-unordered-list a-vertical a-spacing-mini\">\n<li class=\"a-spacing-mini\"><span class=\"a-list-item\">Strapazierf\u00e4hig: Der schwere Boxsack mit Wassereinspritzung hat eine Tragkraft von 3 kg bis 3,3 kg und ist bequem zu verwenden. Der Wasserboxsack ist \u00e4u\u00dferst flexibel und gibt Ihren Schl\u00e4gen mehr Feedback, sodass Sie Cross Hooks, Uppercuts, verschiedene Kombinationen, Kopfbewegungen und mehr \u00fcben k\u00f6nnen.<\/span><\/li>\n<\/ul>\n<p>\u00a0<\/p>\n<ul class=\"a-unordered-list a-vertical a-spacing-mini\">\n<li class=\"a-spacing-mini\"><span class=\"a-list-item\">Genie\u00dfen Sie das Boxen \u00fcberall: Wenn Sie den Boxsack nicht verwenden, k\u00f6nnen Sie das Wasser und die Luft aus dem Inneren ablassen, sodass Sie ihn im Schrank oder in der Sporttasche aufbewahren k\u00f6nnen. Au\u00dferdem ist dieser Wasserboxsack beim Boxen leise, sodass Ihre Familie, Nachbarn usw. nicht gest\u00f6rt werden.<\/span><\/li>\n<\/ul>\n<h2>Unsere Zertifizierung<\/h2>\n\t<div class=\"img has-hover x md-x lg-x y md-y lg-y\" id=\"image_2089072315\">\n\t\t\t\t\t\t\t\t<div class=\"img-inner dark\" >\n\t\t\t<img loading=\"lazy\" decoding=\"async\" width=\"1020\" height=\"316\" src=\"https:\/\/cdn.krcsports.com\/2024\/07\/certification070-1-1024x317.webp\" class=\"attachment-large size-large wp-image-1633\" alt=\"Zertifikat\" srcset=\"https:\/\/cdn.krcsports.com\/2024\/07\/certification070-1-1024x317.webp 1024w, https:\/\/cdn.krcsports.com\/2024\/07\/certification070-1-300x93.webp 300w, https:\/\/cdn.krcsports.com\/2024\/07\/certification070-1-768x238.webp 768w, https:\/\/cdn.krcsports.com\/2024\/07\/certification070-1-1536x475.webp 1536w, https:\/\/cdn.krcsports.com\/2024\/07\/certification070-1-18x6.webp 18w, https:\/\/cdn.krcsports.com\/2024\/07\/certification070-1-600x186.webp 600w, https:\/\/cdn.krcsports.com\/2024\/07\/certification070-1.webp 1625w\" sizes=\"auto, (max-width: 1020px) 100vw, 1020px\" \/>\t\t\t\t\t\t\n\t\t\t\t\t<\/div>\n\t\t\t\t\t\t\t\t\n<style>\n#image_2089072315 {\n  width: 100%;\n}\n<\/style>\n\t<\/div>\n\t\n\n<h2>Unsere Fabrik ist von BSCI zugelassen<\/h2>\n<h2>\u00a0<\/h2>\n\t<div class=\"img has-hover x md-x lg-x y md-y lg-y\" id=\"image_2117625862\">\n\t\t\t\t\t\t\t\t<div class=\"img-inner dark\" >\n\t\t\t<img loading=\"lazy\" decoding=\"async\" width=\"850\" height=\"1100\" src=\"https:\/\/cdn.krcsports.com\/2024\/07\/BSCI-SummaryAuditReportforall_21-41.webp\" class=\"attachment-original size-original wp-image-1634\" alt=\"BSCI-Zusammenfassung\" srcset=\"https:\/\/cdn.krcsports.com\/2024\/07\/BSCI-SummaryAuditReportforall_21-41.webp 850w, https:\/\/cdn.krcsports.com\/2024\/07\/BSCI-SummaryAuditReportforall_21-41-232x300.webp 232w, https:\/\/cdn.krcsports.com\/2024\/07\/BSCI-SummaryAuditReportforall_21-41-791x1024.webp 791w, https:\/\/cdn.krcsports.com\/2024\/07\/BSCI-SummaryAuditReportforall_21-41-768x994.webp 768w, https:\/\/cdn.krcsports.com\/2024\/07\/BSCI-SummaryAuditReportforall_21-41-9x12.webp 9w, https:\/\/cdn.krcsports.com\/2024\/07\/BSCI-SummaryAuditReportforall_21-41-600x776.webp 600w\" sizes=\"auto, (max-width: 850px) 100vw, 850px\" \/>\t\t\t\t\t\t\n\t\t\t\t\t<\/div>\n\t\t\t\t\t\t\t\t\n<style>\n#image_2117625862 {\n  width: 100%;\n}\n<\/style>\n\t<\/div>\n\t\n\n\t<div class=\"img has-hover x md-x lg-x y md-y lg-y\" id=\"image_508880341\">\n\t\t\t\t\t\t\t\t<div class=\"img-inner dark\" >\n\t\t\t<img loading=\"lazy\" decoding=\"async\" width=\"745\" height=\"364\" src=\"https:\/\/cdn.krcsports.com\/2024\/10\/Sports-manufacture1.webp\" class=\"attachment-original size-original wp-image-2862\" alt=\"Hersteller\" srcset=\"https:\/\/cdn.krcsports.com\/2024\/10\/Sports-manufacture1.webp 745w, https:\/\/cdn.krcsports.com\/2024\/10\/Sports-manufacture1-300x147.webp 300w, https:\/\/cdn.krcsports.com\/2024\/10\/Sports-manufacture1-18x9.webp 18w, https:\/\/cdn.krcsports.com\/2024\/10\/Sports-manufacture1-600x293.webp 600w\" sizes=\"auto, (max-width: 745px) 100vw, 745px\" \/>\t\t\t\t\t\t\n\t\t\t\t\t<\/div>\n\t\t\t\t\t\t\t\t\n<style>\n#image_508880341 {\n  width: 100%;\n}\n<\/style>\n\t<\/div>\n\t\n\n\t<section class=\"section\" id=\"section_1162102036\">\n\t\t<div class=\"bg section-bg fill bg-fill  bg-loaded\" >\n\n\t\t\t\n\t\t\t\n\t\t\t\n\n\t\t<\/div>\n\n\t\t\n\n\t\t<div class=\"section-content relative\">\n\t\t\t\n\n<h2>Unser professionelles Team<\/h2>\n\n\t\t<\/div>\n\n\t\t\n<style>\n#section_1162102036 {\n  padding-top: 30px;\n  padding-bottom: 30px;\n}\n<\/style>\n\t<\/section>\n\t\n\t<section class=\"section\" id=\"section_1375283192\">\n\t\t<div class=\"bg section-bg fill bg-fill  bg-loaded\" >\n\n\t\t\t\n\t\t\t\n\t\t\t\n\n\t\t<\/div>\n\n\t\t\n\n\t\t<div class=\"section-content relative\">\n\t\t\t\n\n\t<div class=\"img has-hover x md-x lg-x y md-y lg-y\" id=\"image_168161675\">\n\t\t\t\t\t\t\t\t<div class=\"img-inner dark\" >\n\t\t\t<img loading=\"lazy\" decoding=\"async\" width=\"493\" height=\"301\" src=\"https:\/\/cdn.krcsports.com\/2024\/10\/team002.webp\" class=\"attachment-large size-large wp-image-2863\" alt=\"Team\" srcset=\"https:\/\/cdn.krcsports.com\/2024\/10\/team002.webp 493w, https:\/\/cdn.krcsports.com\/2024\/10\/team002-300x183.webp 300w, https:\/\/cdn.krcsports.com\/2024\/10\/team002-18x12.webp 18w\" sizes=\"auto, (max-width: 493px) 100vw, 493px\" \/>\t\t\t\t\t\t\n\t\t\t\t\t<\/div>\n\t\t\t\t\t\t\t\t\n<style>\n#image_168161675 {\n  width: 100%;\n}\n<\/style>\n\t<\/div>\n\t\n\n\n\t\t<\/div>\n\n\t\t\n<style>\n#section_1375283192 {\n  padding-top: 30px;\n  padding-bottom: 30px;\n}\n<\/style>\n\t<\/section>\n\t\n\t<section class=\"section\" id=\"section_1980404271\">\n\t\t<div class=\"bg section-bg fill bg-fill  bg-loaded\" >\n\n\t\t\t\n\t\t\t\n\t\t\t\n\n\t\t<\/div>\n\n\t\t\n\n\t\t<div class=\"section-content relative\">\n\t\t\t\n\n\t<div class=\"img has-hover x md-x lg-x y md-y lg-y\" id=\"image_1786420049\">\n\t\t\t\t\t\t\t\t<div class=\"img-inner dark\" >\n\t\t\t<img loading=\"lazy\" decoding=\"async\" width=\"1020\" height=\"466\" src=\"https:\/\/cdn.krcsports.com\/2024\/10\/exhibition1-1024x468.webp\" class=\"attachment-large size-large wp-image-2864\" alt=\"Ausstellung\" srcset=\"https:\/\/cdn.krcsports.com\/2024\/10\/exhibition1-1024x468.webp 1024w, https:\/\/cdn.krcsports.com\/2024\/10\/exhibition1-300x137.webp 300w, https:\/\/cdn.krcsports.com\/2024\/10\/exhibition1-768x351.webp 768w, https:\/\/cdn.krcsports.com\/2024\/10\/exhibition1-18x8.webp 18w, https:\/\/cdn.krcsports.com\/2024\/10\/exhibition1-600x274.webp 600w, https:\/\/cdn.krcsports.com\/2024\/10\/exhibition1.webp 1200w\" sizes=\"auto, (max-width: 1020px) 100vw, 1020px\" \/>\t\t\t\t\t\t\n\t\t\t\t\t<\/div>\n\t\t\t\t\t\t\t\t\n<style>\n#image_1786420049 {\n  width: 100%;\n}\n<\/style>\n\t<\/div>\n\t\n\n\n\t\t<\/div>\n\n\t\t\n<style>\n#section_1980404271 {\n  padding-top: 30px;\n  padding-bottom: 30px;\n}\n<\/style>\n\t<\/section>\n\t\n<p>\n\n<div class=\"wpcf7 no-js\" id=\"wpcf7-f5-o1\" lang=\"en-US\" dir=\"ltr\">\n<div class=\"screen-reader-response\"><p role=\"status\" aria-live=\"polite\" aria-atomic=\"true\"><\/p> <ul><\/ul><\/div>\n<form action=\"\/de\/wp-json\/wp\/v2\/product\/3054#wpcf7-f5-o1\" method=\"post\" class=\"wpcf7-form init\" aria-label=\"Kontaktformular\" novalidate=\"novalidate\" data-status=\"init\" data-trp-original-action=\"\/de\/wp-json\/wp\/v2\/product\/3054#wpcf7-f5-o1\">\n<div style=\"display: none;\">\n<input type=\"hidden\" name=\"_wpcf7\" value=\"5\" \/>\n<input type=\"hidden\" name=\"_wpcf7_version\" value=\"5.9.5\" \/>\n<input type=\"hidden\" name=\"_wpcf7_locale\" value=\"en_US\" \/>\n<input type=\"hidden\" name=\"_wpcf7_unit_tag\" value=\"wpcf7-f5-o1\" \/>\n<input type=\"hidden\" name=\"_wpcf7_container_post\" value=\"0\" \/>\n<input type=\"hidden\" name=\"_wpcf7_posted_data_hash\" value=\"\" \/>\n<\/div>\n<div class='custom_contact_style'>\n\t<p><label> Ihr Name<br \/>\n<span class=\"wpcf7-form-control-wrap\" data-name=\"your-name\"><input size=\"40\" class=\"wpcf7-form-control wpcf7-text wpcf7-validates-as-required\" autocomplete=\"name\" aria-required=\"true\" aria-invalid=\"false\" value=\"\" type=\"text\" name=\"your-name\" \/><\/span> <\/label>\n\t<\/p>\n\t<p><label> Ihre E-Mail<br \/>\n<span class=\"wpcf7-form-control-wrap\" data-name=\"your-email\"><input size=\"40\" class=\"wpcf7-form-control wpcf7-email wpcf7-validates-as-required wpcf7-text wpcf7-validates-as-email\" autocomplete=\"email\" aria-required=\"true\" aria-invalid=\"false\" value=\"\" type=\"email\" name=\"your-email\" \/><\/span> <\/label>\n\t<\/p>\n\t<p><label> Ihre Nachricht (optional)<br \/>\n<span class=\"wpcf7-form-control-wrap\" data-name=\"your-message\"><textarea cols=\"40\" rows=\"10\" class=\"wpcf7-form-control wpcf7-textarea\" aria-invalid=\"false\" name=\"your-message\"><\/textarea><\/span> <\/label>\n\t<\/p>\n\t<div style=\"margin-bottom:10px;\">\n\t\t<p><span class=\"wpcf7-form-control-wrap kc_captcha cf7ic-toggle\" data-name=\"kc_captcha\"><span class=\"wpcf7-form-control wpcf7-radio\"><span class=\"captcha-image\" style=\"display: none;\"><span class=\"cf7ic_instructions\">Bitte beweisen Sie, dass Sie ein Mensch sind, indem Sie das<span> Tasse<\/span>.<\/span><label><input type=\"radio\" name=\"kc_captcha\" value=\"kc_human\" \/><svg width=\"50\" height=\"50\" aria-hidden=\"true\" role=\"img\" xmlns=\"http:\/\/www.w3.org\/2000\/svg\" viewbox=\"0 0 640 512\"><path fill=\"currentColor\" d=\"M192 384h192c53 0 96-43 96-96h32a128 128 0 000-256H120c-13 0-24 11-24 24v232c0 53 43 96 96 96zM512 96a64 64 0 010 128h-32V96h32zm48 384H48c-47 0-61-64-36-64h584c25 0 11 64-36 64z\"\/><\/svg><\/label><label><input type=\"radio\" name=\"kc_captcha\" value=\"bot\" \/><svg width=\"50\" height=\"50\" aria-hidden=\"true\" role=\"img\" xmlns=\"http:\/\/www.w3.org\/2000\/svg\" viewbox=\"0 0 512 512\"><path fill=\"currentColor\" d=\"M350 99c-54 0-98-35-166-35-25 0-47 4-68 12a56 56 0 004-24C118 24 95 1 66 0a56 56 0 00-34 102v386c0 13 11 24 24 24h16c13 0 24-11 24-24v-94c28-12 64-23 114-23 54 0 98 35 166 35 48 0 86-16 122-41 9-6 14-15 14-26V96c0-23-24-39-45-29-35 16-77 32-117 32z\"\/><\/svg><\/label><label><input type=\"radio\" name=\"kc_captcha\" value=\"bot\" \/><svg width=\"50\" height=\"50\" aria-hidden=\"true\" role=\"img\" xmlns=\"http:\/\/www.w3.org\/2000\/svg\" viewbox=\"0 0 640 512\"><path fill=\"currentColor\" d=\"M624 352h-16V244c0-13-5-25-14-34L494 110c-9-9-21-14-34-14h-44V48c0-26-21-48-48-48H48C22 0 0 22 0 48v320c0 27 22 48 48 48h16a96 96 0 00192 0h128a96 96 0 00192 0h48c9 0 16-7 16-16v-32c0-9-7-16-16-16zM160 464a48 48 0 110-96 48 48 0 010 96zm320 0a48 48 0 110-96 48 48 0 010 96zm80-208H416V144h44l100 100v12z\"\/><\/svg><\/label>\r\n    <\/span>\r\n    <span style=\"display:none\">\r\n        <input type=\"text\" name=\"kc_honeypot\">\r\n    <\/span><\/span><\/span>\n\t\t<\/p>\n\t<\/div>\n\t<p><input class=\"wpcf7-form-control wpcf7-submit has-spinner\" type=\"submit\" value=\"Einreichen\" \/>\n\t<\/p>\n<\/div><div class=\"wpcf7-response-output\" aria-hidden=\"true\"><\/div>\n<input type=\"hidden\" name=\"trp-form-language\" value=\"de\"\/><\/form>\n<\/div>\n\n\n<\/p>\n\t\t<\/div>\n\n\t\t\n<style>\n#section_272146986 {\n  padding-top: 30px;\n  padding-bottom: 30px;\n}\n<\/style>\n\t<\/section>","protected":false},"excerpt":{"rendered":"<p>St\u00f6\u00dfe werden in den Wassersack absorbiert, was die Gelenke und H\u00e4nde deutlich schont<\/p>\n<p>Der Ringside Tsunami Water Heavy Bag hilft, Schlagkraft, Beweglichkeit, Flexibilit\u00e4t und Genauigkeit zu verbessern<\/p>\n<p>Der langlebige, gleichm\u00e4\u00dfige Gummi hat ein einzigartiges Schalendesign und die Wasserf\u00fcllung vermittelt ein lebensechtes Gef\u00fchl des menschlichen K\u00f6rpers<\/p>\n<p>Langlebig f\u00fcr den Einsatz im Innen- und Au\u00dfenbereich in Ihrem kommerziellen oder privaten Fitnessstudio.<\/p>\n<p>Wird unbef\u00fcllt mit einem Ringside-Logoaufkleber zum Anbringen geliefert und ist fertig zum Aufh\u00e4ngen mit der mitgelieferten Stahlkette.<\/p>","protected":false},"featured_media":2446,"template":"","meta":[],"product_cat":[59,50,36],"product_tag":[],"class_list":{"0":"post-3054","1":"product","2":"type-product","3":"status-publish","4":"has-post-thumbnail","6":"product_cat-punching-bag-dummy-taekwondo","7":"product_cat-punching-bag-dummy","8":"product_cat-boxing-punching-bag","10":"first","11":"instock","12":"shipping-taxable","13":"product-type-simple"},"yoast_head":"<!-- This site is optimized with the Yoast SEO plugin v22.7 - https:\/\/yoast.com\/wordpress\/plugins\/seo\/ -->\n<title>aqua bag - trustworthy combat sports equipment manufacturer<\/title>\n<meta name=\"description\" content=\"Punching Bag Heavy Bags Boxing Punching Bag Leakproof Water Punch Bag, Boxing Training Equipment for Kids Adults Agility MMA Muay Thai\" \/>\n<meta name=\"robots\" content=\"index, follow, max-snippet:-1, max-image-preview:large, max-video-preview:-1\" \/>\n<link rel=\"canonical\" href=\"https:\/\/krcsports.com\/de\/produkt\/aqua-bag\/\" \/>\n<meta property=\"og:locale\" content=\"de_DE\" \/>\n<meta property=\"og:type\" content=\"article\" \/>\n<meta property=\"og:title\" content=\"aqua bag - trustworthy combat sports equipment manufacturer\" \/>\n<meta property=\"og:description\" content=\"Punching Bag Heavy Bags Boxing Punching Bag Leakproof Water Punch Bag, Boxing Training Equipment for Kids Adults Agility MMA Muay Thai\" \/>\n<meta property=\"og:url\" content=\"https:\/\/krcsports.com\/de\/produkt\/aqua-bag\/\" \/>\n<meta property=\"og:site_name\" content=\"trustworthy combat sports equipment manufacturer\" \/>\n<meta property=\"article:publisher\" content=\"https:\/\/www.facebook.com\/people\/Krc-sports\/100063994129159\/\" \/>\n<meta property=\"article:modified_time\" content=\"2024-11-12T05:40:14+00:00\" \/>\n<meta property=\"og:image\" content=\"https:\/\/krcsports.com\/wp-content\/uploads\/2024\/09\/water-bag-6.webp\" \/>\n\t<meta property=\"og:image:width\" content=\"1076\" \/>\n\t<meta property=\"og:image:height\" content=\"1500\" \/>\n\t<meta property=\"og:image:type\" content=\"image\/webp\" \/>\n<meta name=\"twitter:card\" content=\"summary_large_image\" \/>\n<meta name=\"twitter:label1\" content=\"Gesch\u00e4tzte Lesezeit\" \/>\n\t<meta name=\"twitter:data1\" content=\"1\u00a0Minute\" \/>\n<script type=\"application\/ld+json\" class=\"yoast-schema-graph\">{\"@context\":\"https:\/\/schema.org\",\"@graph\":[{\"@type\":\"WebPage\",\"@id\":\"https:\/\/krcsports.com\/manufacturer\/aqua-bag\/\",\"url\":\"https:\/\/krcsports.com\/manufacturer\/aqua-bag\/\",\"name\":\"aqua bag - trustworthy combat sports equipment manufacturer\",\"isPartOf\":{\"@id\":\"https:\/\/krcsports.com\/#website\"},\"primaryImageOfPage\":{\"@id\":\"https:\/\/krcsports.com\/manufacturer\/aqua-bag\/#primaryimage\"},\"image\":{\"@id\":\"https:\/\/krcsports.com\/manufacturer\/aqua-bag\/#primaryimage\"},\"thumbnailUrl\":\"https:\/\/cdn.krcsports.com\/2024\/09\/water-bag-6.webp\",\"datePublished\":\"2024-11-12T05:18:30+00:00\",\"dateModified\":\"2024-11-12T05:40:14+00:00\",\"description\":\"Punching Bag Heavy Bags Boxing Punching Bag Leakproof Water Punch Bag, Boxing Training Equipment for Kids Adults Agility MMA Muay Thai\",\"breadcrumb\":{\"@id\":\"https:\/\/krcsports.com\/manufacturer\/aqua-bag\/#breadcrumb\"},\"inLanguage\":\"de\",\"potentialAction\":[{\"@type\":\"ReadAction\",\"target\":[\"https:\/\/krcsports.com\/manufacturer\/aqua-bag\/\"]}]},{\"@type\":\"ImageObject\",\"inLanguage\":\"de\",\"@id\":\"https:\/\/krcsports.com\/manufacturer\/aqua-bag\/#primaryimage\",\"url\":\"https:\/\/cdn.krcsports.com\/2024\/09\/water-bag-6.webp\",\"contentUrl\":\"https:\/\/cdn.krcsports.com\/2024\/09\/water-bag-6.webp\",\"width\":1076,\"height\":1500,\"caption\":\"water bag\"},{\"@type\":\"BreadcrumbList\",\"@id\":\"https:\/\/krcsports.com\/manufacturer\/aqua-bag\/#breadcrumb\",\"itemListElement\":[{\"@type\":\"ListItem\",\"position\":1,\"name\":\"Home\",\"item\":\"https:\/\/krcsports.com\/\"},{\"@type\":\"ListItem\",\"position\":2,\"name\":\"Products\",\"item\":\"https:\/\/krcsports.com\/shop\/\"},{\"@type\":\"ListItem\",\"position\":3,\"name\":\"aqua bag\"}]},{\"@type\":\"WebSite\",\"@id\":\"https:\/\/krcsports.com\/#website\",\"url\":\"https:\/\/krcsports.com\/\",\"name\":\"krc sports\",\"description\":\"\",\"publisher\":{\"@id\":\"https:\/\/krcsports.com\/#organization\"},\"potentialAction\":[{\"@type\":\"SearchAction\",\"target\":{\"@type\":\"EntryPoint\",\"urlTemplate\":\"https:\/\/krcsports.com\/?s={search_term_string}\"},\"query-input\":\"required name=search_term_string\"}],\"inLanguage\":\"de\"},{\"@type\":\"Organization\",\"@id\":\"https:\/\/krcsports.com\/#organization\",\"name\":\"krc sports\",\"url\":\"https:\/\/krcsports.com\/\",\"logo\":{\"@type\":\"ImageObject\",\"inLanguage\":\"de\",\"@id\":\"https:\/\/krcsports.com\/#\/schema\/logo\/image\/\",\"url\":\"https:\/\/krcsports.com\/wp-content\/uploads\/2024\/07\/logo.webp\",\"contentUrl\":\"https:\/\/krcsports.com\/wp-content\/uploads\/2024\/07\/logo.webp\",\"width\":80,\"height\":60,\"caption\":\"krc sports\"},\"image\":{\"@id\":\"https:\/\/krcsports.com\/#\/schema\/logo\/image\/\"},\"sameAs\":[\"https:\/\/www.facebook.com\/people\/Krc-sports\/100063994129159\/\"]}]}<\/script>\n<!-- \/ Yoast SEO plugin. -->","yoast_head_json":{"title":"Aqua Bag \u2013 vertrauensw\u00fcrdiger Hersteller von Kampfsportausr\u00fcstung","description":"Boxsack, schwere S\u00e4cke, Boxsack, auslaufsicherer Wasser-Boxsack, Boxtrainingsger\u00e4t f\u00fcr Kinder und Erwachsene, Beweglichkeit, MMA, Muay Thai","robots":{"index":"index","follow":"follow","max-snippet":"max-snippet:-1","max-image-preview":"max-image-preview:large","max-video-preview":"max-video-preview:-1"},"canonical":"https:\/\/krcsports.com\/de\/produkt\/aqua-bag\/","og_locale":"de_DE","og_type":"article","og_title":"aqua bag - trustworthy combat sports equipment manufacturer","og_description":"Punching Bag Heavy Bags Boxing Punching Bag Leakproof Water Punch Bag, Boxing Training Equipment for Kids Adults Agility MMA Muay Thai","og_url":"https:\/\/krcsports.com\/de\/produkt\/aqua-bag\/","og_site_name":"trustworthy combat sports equipment manufacturer","article_publisher":"https:\/\/www.facebook.com\/people\/Krc-sports\/100063994129159\/","article_modified_time":"2024-11-12T05:40:14+00:00","og_image":[{"width":1076,"height":1500,"url":"https:\/\/krcsports.com\/wp-content\/uploads\/2024\/09\/water-bag-6.webp","type":"image\/webp"}],"twitter_card":"summary_large_image","twitter_misc":{"Gesch\u00e4tzte Lesezeit":"1\u00a0Minute"},"schema":{"@context":"https:\/\/schema.org","@graph":[{"@type":"WebPage","@id":"https:\/\/krcsports.com\/manufacturer\/aqua-bag\/","url":"https:\/\/krcsports.com\/manufacturer\/aqua-bag\/","name":"Aqua Bag \u2013 vertrauensw\u00fcrdiger Hersteller von Kampfsportausr\u00fcstung","isPartOf":{"@id":"https:\/\/krcsports.com\/#website"},"primaryImageOfPage":{"@id":"https:\/\/krcsports.com\/manufacturer\/aqua-bag\/#primaryimage"},"image":{"@id":"https:\/\/krcsports.com\/manufacturer\/aqua-bag\/#primaryimage"},"thumbnailUrl":"https:\/\/cdn.krcsports.com\/2024\/09\/water-bag-6.webp","datePublished":"2024-11-12T05:18:30+00:00","dateModified":"2024-11-12T05:40:14+00:00","description":"Boxsack, schwere S\u00e4cke, Boxsack, auslaufsicherer Wasser-Boxsack, Boxtrainingsger\u00e4t f\u00fcr Kinder und Erwachsene, Beweglichkeit, MMA, Muay Thai","breadcrumb":{"@id":"https:\/\/krcsports.com\/manufacturer\/aqua-bag\/#breadcrumb"},"inLanguage":"de","potentialAction":[{"@type":"ReadAction","target":["https:\/\/krcsports.com\/manufacturer\/aqua-bag\/"]}]},{"@type":"ImageObject","inLanguage":"de","@id":"https:\/\/krcsports.com\/manufacturer\/aqua-bag\/#primaryimage","url":"https:\/\/cdn.krcsports.com\/2024\/09\/water-bag-6.webp","contentUrl":"https:\/\/cdn.krcsports.com\/2024\/09\/water-bag-6.webp","width":1076,"height":1500,"caption":"water bag"},{"@type":"BreadcrumbList","@id":"https:\/\/krcsports.com\/manufacturer\/aqua-bag\/#breadcrumb","itemListElement":[{"@type":"ListItem","position":1,"name":"Home","item":"https:\/\/krcsports.com\/"},{"@type":"ListItem","position":2,"name":"Products","item":"https:\/\/krcsports.com\/shop\/"},{"@type":"ListItem","position":3,"name":"aqua bag"}]},{"@type":"WebSite","@id":"https:\/\/krcsports.com\/#website","url":"https:\/\/krcsports.com\/","name":"KRC-Sport","description":"","publisher":{"@id":"https:\/\/krcsports.com\/#organization"},"potentialAction":[{"@type":"SearchAction","target":{"@type":"EntryPoint","urlTemplate":"https:\/\/krcsports.com\/?s={search_term_string}"},"query-input":"required name=search_term_string"}],"inLanguage":"de"},{"@type":"Organization","@id":"https:\/\/krcsports.com\/#organization","name":"KRC-Sport","url":"https:\/\/krcsports.com\/","logo":{"@type":"ImageObject","inLanguage":"de","@id":"https:\/\/krcsports.com\/#\/schema\/logo\/image\/","url":"https:\/\/krcsports.com\/wp-content\/uploads\/2024\/07\/logo.webp","contentUrl":"https:\/\/krcsports.com\/wp-content\/uploads\/2024\/07\/logo.webp","width":80,"height":60,"caption":"krc sports"},"image":{"@id":"https:\/\/krcsports.com\/#\/schema\/logo\/image\/"},"sameAs":["https:\/\/www.facebook.com\/people\/Krc-sports\/100063994129159\/"]}]}},"_links":{"self":[{"href":"https:\/\/krcsports.com\/de\/wp-json\/wp\/v2\/product\/3054","targetHints":{"allow":["GET"]}}],"collection":[{"href":"https:\/\/krcsports.com\/de\/wp-json\/wp\/v2\/product"}],"about":[{"href":"https:\/\/krcsports.com\/de\/wp-json\/wp\/v2\/types\/product"}],"wp:featuredmedia":[{"embeddable":true,"href":"https:\/\/krcsports.com\/de\/wp-json\/wp\/v2\/media\/2446"}],"wp:attachment":[{"href":"https:\/\/krcsports.com\/de\/wp-json\/wp\/v2\/media?parent=3054"}],"wp:term":[{"taxonomy":"product_cat","embeddable":true,"href":"https:\/\/krcsports.com\/de\/wp-json\/wp\/v2\/product_cat?post=3054"},{"taxonomy":"product_tag","embeddable":true,"href":"https:\/\/krcsports.com\/de\/wp-json\/wp\/v2\/product_tag?post=3054"}],"curies":[{"name":"wp","href":"https:\/\/api.w.org\/{rel}","templated":true}]}}