{"id":2659,"date":"2024-09-12T07:53:26","date_gmt":"2024-09-12T07:53:26","guid":{"rendered":"https:\/\/krcsports.com\/?post_type=product&#038;p=2659"},"modified":"2024-11-30T12:17:03","modified_gmt":"2024-11-30T12:17:03","slug":"shin-guards-3","status":"publish","type":"product","link":"https:\/\/krcsports.com\/de\/manufacturer\/shin-guards-3\/","title":{"rendered":"Schienbeinschoner"},"content":{"rendered":"<div class=\"magic-32\" data-spm-anchor-id=\"a2700.details.0.i70.123244779xOwEC\">1. Der Beinschutz wird auch Schienbeinschoner genannt. Die Funktion von Schienbeinschonern besteht im Schutz der Wade. Untersch\u00e4tzen Sie ihre Rolle nicht.<\/div>\n<div data-spm-anchor-id=\"a2700.details.0.i70.123244779xOwEC\">\u00a0<\/div>\n<div class=\"magic-30\"><span class=\"magic-11\"><span class=\"magic-21\">2.In der Mitte unserer Schienbeinschoner<\/span><\/span><span class=\"magic-11\"><span class=\"magic-21\"> ist das EVA-Material <\/span><span class=\"magic-33\">(zur Sto\u00dfd\u00e4mpfung und Schutzfunktion)<\/span><\/span><\/div>\n<div>\u00a0<\/div>\n<div class=\"magic-30\"><span class=\"magic-21\">3.Die Dicke betr\u00e4gt 17 mm <\/span><span class=\"magic-33\">(einschlie\u00dflich 15 mm hochelastischem EVA, 2 mm Verbund-EVA) <\/span><span class=\"magic-21\">, die eine sehr gute Schutzwirkung auf das Bein haben, k\u00f6nnen das Verletzungsrisiko erheblich senken.<\/span><\/div>\n<div>\u00a0<\/div>\n<div class=\"magic-30\"><span class=\"magic-21\">4. B\u00e4nder auf der R\u00fcckseite f\u00fcr einen sicheren, verstellbaren Sitz.<\/span><\/div>\n<div>\u00a0<\/div>\n<div class=\"magic-32\"><span class=\"magic-11\">5.Langlebiger beim Training und bei Wettk\u00e4mpfen.<\/span><\/div>\n<div>\u00a0<\/div>\n<div class=\"magic-32\" data-spm-anchor-id=\"a2700.details.0.i69.123244779xOwEC\">6. Die Gr\u00f6\u00dfe XS-XL, w\u00e4hlen Sie die richtige Gr\u00f6\u00dfe entsprechend Ihrer K\u00f6rpergr\u00f6\u00dfe<\/div>\n<div data-spm-anchor-id=\"a2700.details.0.i69.123244779xOwEC\">\u00a0<\/div>\n<div data-spm-anchor-id=\"a2700.details.0.i69.123244779xOwEC\"><h2>Unsere Zertifizierung<\/h2>\n\t<div class=\"img has-hover x md-x lg-x y md-y lg-y\" id=\"image_1189465301\">\n\t\t\t\t\t\t\t\t<div class=\"img-inner dark\" >\n\t\t\t<img loading=\"lazy\" decoding=\"async\" width=\"1020\" height=\"316\" src=\"https:\/\/cdn.krcsports.com\/2024\/07\/certification070-1-1024x317.webp\" class=\"attachment-large size-large wp-image-1633\" alt=\"Zertifikat\" srcset=\"https:\/\/cdn.krcsports.com\/2024\/07\/certification070-1-1024x317.webp 1024w, https:\/\/cdn.krcsports.com\/2024\/07\/certification070-1-300x93.webp 300w, https:\/\/cdn.krcsports.com\/2024\/07\/certification070-1-768x238.webp 768w, https:\/\/cdn.krcsports.com\/2024\/07\/certification070-1-1536x475.webp 1536w, https:\/\/cdn.krcsports.com\/2024\/07\/certification070-1-18x6.webp 18w, https:\/\/cdn.krcsports.com\/2024\/07\/certification070-1-600x186.webp 600w, https:\/\/cdn.krcsports.com\/2024\/07\/certification070-1.webp 1625w\" sizes=\"auto, (max-width: 1020px) 100vw, 1020px\" \/>\t\t\t\t\t\t\n\t\t\t\t\t<\/div>\n\t\t\t\t\t\t\t\t\n<style>\n#image_1189465301 {\n  width: 100%;\n}\n<\/style>\n\t<\/div>\n\t\n\n<h2>Unsere Fabrik ist von BSCI zugelassen<\/h2>\n<h2>\u00a0<\/h2>\n\t<div class=\"img has-hover x md-x lg-x y md-y lg-y\" id=\"image_290544477\">\n\t\t\t\t\t\t\t\t<div class=\"img-inner dark\" >\n\t\t\t<img loading=\"lazy\" decoding=\"async\" width=\"850\" height=\"1100\" src=\"https:\/\/cdn.krcsports.com\/2024\/07\/BSCI-SummaryAuditReportforall_21-41.webp\" class=\"attachment-original size-original wp-image-1634\" alt=\"BSCI-Zusammenfassung\" srcset=\"https:\/\/cdn.krcsports.com\/2024\/07\/BSCI-SummaryAuditReportforall_21-41.webp 850w, https:\/\/cdn.krcsports.com\/2024\/07\/BSCI-SummaryAuditReportforall_21-41-232x300.webp 232w, https:\/\/cdn.krcsports.com\/2024\/07\/BSCI-SummaryAuditReportforall_21-41-791x1024.webp 791w, https:\/\/cdn.krcsports.com\/2024\/07\/BSCI-SummaryAuditReportforall_21-41-768x994.webp 768w, https:\/\/cdn.krcsports.com\/2024\/07\/BSCI-SummaryAuditReportforall_21-41-9x12.webp 9w, https:\/\/cdn.krcsports.com\/2024\/07\/BSCI-SummaryAuditReportforall_21-41-600x776.webp 600w\" sizes=\"auto, (max-width: 850px) 100vw, 850px\" \/>\t\t\t\t\t\t\n\t\t\t\t\t<\/div>\n\t\t\t\t\t\t\t\t\n<style>\n#image_290544477 {\n  width: 100%;\n}\n<\/style>\n\t<\/div>\n\t\n\n\t<div class=\"img has-hover x md-x lg-x y md-y lg-y\" id=\"image_1014949763\">\n\t\t\t\t\t\t\t\t<div class=\"img-inner dark\" >\n\t\t\t<img loading=\"lazy\" decoding=\"async\" width=\"745\" height=\"364\" src=\"https:\/\/cdn.krcsports.com\/2024\/10\/Sports-manufacture1.webp\" class=\"attachment-original size-original wp-image-2862\" alt=\"Hersteller\" srcset=\"https:\/\/cdn.krcsports.com\/2024\/10\/Sports-manufacture1.webp 745w, https:\/\/cdn.krcsports.com\/2024\/10\/Sports-manufacture1-300x147.webp 300w, https:\/\/cdn.krcsports.com\/2024\/10\/Sports-manufacture1-18x9.webp 18w, https:\/\/cdn.krcsports.com\/2024\/10\/Sports-manufacture1-600x293.webp 600w\" sizes=\"auto, (max-width: 745px) 100vw, 745px\" \/>\t\t\t\t\t\t\n\t\t\t\t\t<\/div>\n\t\t\t\t\t\t\t\t\n<style>\n#image_1014949763 {\n  width: 100%;\n}\n<\/style>\n\t<\/div>\n\t\n\n\t<section class=\"section\" id=\"section_1039291252\">\n\t\t<div class=\"bg section-bg fill bg-fill  bg-loaded\" >\n\n\t\t\t\n\t\t\t\n\t\t\t\n\n\t\t<\/div>\n\n\t\t\n\n\t\t<div class=\"section-content relative\">\n\t\t\t\n\n<h2>Unser professionelles Team<\/h2>\n\n\t\t<\/div>\n\n\t\t\n<style>\n#section_1039291252 {\n  padding-top: 30px;\n  padding-bottom: 30px;\n}\n<\/style>\n\t<\/section>\n\t\n\t<section class=\"section\" id=\"section_1241542368\">\n\t\t<div class=\"bg section-bg fill bg-fill  bg-loaded\" >\n\n\t\t\t\n\t\t\t\n\t\t\t\n\n\t\t<\/div>\n\n\t\t\n\n\t\t<div class=\"section-content relative\">\n\t\t\t\n\n\t<div class=\"img has-hover x md-x lg-x y md-y lg-y\" id=\"image_278577848\">\n\t\t\t\t\t\t\t\t<div class=\"img-inner dark\" >\n\t\t\t<img loading=\"lazy\" decoding=\"async\" width=\"493\" height=\"301\" src=\"https:\/\/cdn.krcsports.com\/2024\/10\/team002.webp\" class=\"attachment-large size-large wp-image-2863\" alt=\"Team\" srcset=\"https:\/\/cdn.krcsports.com\/2024\/10\/team002.webp 493w, https:\/\/cdn.krcsports.com\/2024\/10\/team002-300x183.webp 300w, https:\/\/cdn.krcsports.com\/2024\/10\/team002-18x12.webp 18w\" sizes=\"auto, (max-width: 493px) 100vw, 493px\" \/>\t\t\t\t\t\t\n\t\t\t\t\t<\/div>\n\t\t\t\t\t\t\t\t\n<style>\n#image_278577848 {\n  width: 100%;\n}\n<\/style>\n\t<\/div>\n\t\n\n\n\t\t<\/div>\n\n\t\t\n<style>\n#section_1241542368 {\n  padding-top: 30px;\n  padding-bottom: 30px;\n}\n<\/style>\n\t<\/section>\n\t\n\t<section class=\"section\" id=\"section_958016383\">\n\t\t<div class=\"bg section-bg fill bg-fill  bg-loaded\" >\n\n\t\t\t\n\t\t\t\n\t\t\t\n\n\t\t<\/div>\n\n\t\t\n\n\t\t<div class=\"section-content relative\">\n\t\t\t\n\n\t<div class=\"img has-hover x md-x lg-x y md-y lg-y\" id=\"image_891823608\">\n\t\t\t\t\t\t\t\t<div class=\"img-inner dark\" >\n\t\t\t<img loading=\"lazy\" decoding=\"async\" width=\"1020\" height=\"466\" src=\"https:\/\/cdn.krcsports.com\/2024\/10\/exhibition1-1024x468.webp\" class=\"attachment-large size-large wp-image-2864\" alt=\"Ausstellung\" srcset=\"https:\/\/cdn.krcsports.com\/2024\/10\/exhibition1-1024x468.webp 1024w, https:\/\/cdn.krcsports.com\/2024\/10\/exhibition1-300x137.webp 300w, https:\/\/cdn.krcsports.com\/2024\/10\/exhibition1-768x351.webp 768w, https:\/\/cdn.krcsports.com\/2024\/10\/exhibition1-18x8.webp 18w, https:\/\/cdn.krcsports.com\/2024\/10\/exhibition1-600x274.webp 600w, https:\/\/cdn.krcsports.com\/2024\/10\/exhibition1.webp 1200w\" sizes=\"auto, (max-width: 1020px) 100vw, 1020px\" \/>\t\t\t\t\t\t\n\t\t\t\t\t<\/div>\n\t\t\t\t\t\t\t\t\n<style>\n#image_891823608 {\n  width: 100%;\n}\n<\/style>\n\t<\/div>\n\t\n\n\n\t\t<\/div>\n\n\t\t\n<style>\n#section_958016383 {\n  padding-top: 30px;\n  padding-bottom: 30px;\n}\n<\/style>\n\t<\/section>\n\t\n<p>\n\n<div class=\"wpcf7 no-js\" id=\"wpcf7-f5-o1\" lang=\"en-US\" dir=\"ltr\">\n<div class=\"screen-reader-response\"><p role=\"status\" aria-live=\"polite\" aria-atomic=\"true\"><\/p> <ul><\/ul><\/div>\n<form action=\"\/de\/wp-json\/wp\/v2\/product\/2659#wpcf7-f5-o1\" method=\"post\" class=\"wpcf7-form init\" aria-label=\"Kontaktformular\" novalidate=\"novalidate\" data-status=\"init\" data-trp-original-action=\"\/de\/wp-json\/wp\/v2\/product\/2659#wpcf7-f5-o1\">\n<div style=\"display: none;\">\n<input type=\"hidden\" name=\"_wpcf7\" value=\"5\" \/>\n<input type=\"hidden\" name=\"_wpcf7_version\" value=\"5.9.5\" \/>\n<input type=\"hidden\" name=\"_wpcf7_locale\" value=\"en_US\" \/>\n<input type=\"hidden\" name=\"_wpcf7_unit_tag\" value=\"wpcf7-f5-o1\" \/>\n<input type=\"hidden\" name=\"_wpcf7_container_post\" value=\"0\" \/>\n<input type=\"hidden\" name=\"_wpcf7_posted_data_hash\" value=\"\" \/>\n<\/div>\n<div class='custom_contact_style'>\n\t<p><label> Ihr Name<br \/>\n<span class=\"wpcf7-form-control-wrap\" data-name=\"your-name\"><input size=\"40\" class=\"wpcf7-form-control wpcf7-text wpcf7-validates-as-required\" autocomplete=\"name\" aria-required=\"true\" aria-invalid=\"false\" value=\"\" type=\"text\" name=\"your-name\" \/><\/span> <\/label>\n\t<\/p>\n\t<p><label> Ihre E-Mail<br \/>\n<span class=\"wpcf7-form-control-wrap\" data-name=\"your-email\"><input size=\"40\" class=\"wpcf7-form-control wpcf7-email wpcf7-validates-as-required wpcf7-text wpcf7-validates-as-email\" autocomplete=\"email\" aria-required=\"true\" aria-invalid=\"false\" value=\"\" type=\"email\" name=\"your-email\" \/><\/span> <\/label>\n\t<\/p>\n\t<p><label> Ihre Nachricht (optional)<br \/>\n<span class=\"wpcf7-form-control-wrap\" data-name=\"your-message\"><textarea cols=\"40\" rows=\"10\" class=\"wpcf7-form-control wpcf7-textarea\" aria-invalid=\"false\" name=\"your-message\"><\/textarea><\/span> <\/label>\n\t<\/p>\n\t<div style=\"margin-bottom:10px;\">\n\t\t<p><span class=\"wpcf7-form-control-wrap kc_captcha cf7ic-toggle\" data-name=\"kc_captcha\"><span class=\"wpcf7-form-control wpcf7-radio\"><span class=\"captcha-image\" style=\"display: none;\"><span class=\"cf7ic_instructions\">Bitte beweisen Sie, dass Sie ein Mensch sind, indem Sie das<span> Schl\u00fcssel<\/span>.<\/span><label><input type=\"radio\" name=\"kc_captcha\" value=\"bot\" \/><svg width=\"50\" height=\"50\" aria-hidden=\"true\" role=\"img\" xmlns=\"http:\/\/www.w3.org\/2000\/svg\" viewbox=\"0 0 576 512\"><path fill=\"currentColor\" d=\"M415 24c-53 0-103 42-127 65-24-23-74-65-127-65C70 24 16 77 16 166c0 72 67 133 69 135l187 181c9 8 23 8 32 0l187-180c2-3 69-64 69-136 0-89-54-142-145-142z\"\/><\/svg><\/label><label><input type=\"radio\" name=\"kc_captcha\" value=\"bot\" \/><svg width=\"50\" height=\"50\" aria-hidden=\"true\" role=\"img\" xmlns=\"http:\/\/www.w3.org\/2000\/svg\" viewbox=\"0 0 512 512\"><path fill=\"currentColor\" d=\"M500 168h-55l-8-21a127 127 0 00-120-83H195a127 127 0 00-120 83l-8 21H12c-8 0-14 8-11 16l8 24a12 12 0 0011 8h29a64 64 0 00-33 56v48c0 16 6 31 16 42v62c0 13 11 24 24 24h48c13 0 24-11 24-24v-40h256v40c0 13 11 24 24 24h48c13 0 24-11 24-24v-62c10-11 16-26 16-42v-48c0-24-13-45-33-56h29a12 12 0 0011-8l8-24c3-8-3-16-11-16zm-365 2c9-25 33-42 60-42h122c27 0 51 17 60 42l15 38H120l15-38zM88 328a32 32 0 010-64c18 0 48 30 48 48s-30 16-48 16zm336 0c-18 0-48 2-48-16s30-48 48-48 32 14 32 32-14 32-32 32z\"\/><\/svg><\/label><label><input type=\"radio\" name=\"kc_captcha\" value=\"kc_human\" \/><svg width=\"50\" height=\"50\" aria-hidden=\"true\" role=\"img\" xmlns=\"http:\/\/www.w3.org\/2000\/svg\" viewbox=\"0 0 512 512\"><path fill=\"currentColor\" d=\"M512 176a176 176 0 01-209 173l-24 27a24 24 0 01-18 8h-37v40c0 13-11 24-24 24h-40v40c0 13-11 24-24 24H24c-13 0-24-11-24-24v-78c0-6 3-13 7-17l162-162a176 176 0 11343-55zm-176-48a48 48 0 1096 0 48 48 0 00-96 0z\"\/><\/svg><\/label>\r\n    <\/span>\r\n    <span style=\"display:none\">\r\n        <input type=\"text\" name=\"kc_honeypot\">\r\n    <\/span><\/span><\/span>\n\t\t<\/p>\n\t<\/div>\n\t<p><input class=\"wpcf7-form-control wpcf7-submit has-spinner\" type=\"submit\" value=\"Einreichen\" \/>\n\t<\/p>\n<\/div><div class=\"wpcf7-response-output\" aria-hidden=\"true\"><\/div>\n<input type=\"hidden\" name=\"trp-form-language\" value=\"de\"\/><\/form>\n<\/div>\n\n\n<\/p><\/div>","protected":false},"excerpt":{"rendered":"<p>Taekwondo Schienbeinschutz\/Armschutz<br \/>\n1. getauchter Schaumstoff f\u00fcr Schutz vom Knie bis zum Kn\u00f6chel oder vom Handgelenk bis zum Ellenbogen<br \/>\n2. Hochwertiges PU und Mesh auf der R\u00fcckseite machen es bequem und atmungsaktiv<br \/>\n3. Die Oberfl\u00e4che ist gl\u00e4nzend, glatt und leicht zu reinigen<br \/>\n4. Logos k\u00f6nnen nach Kundenwunsch gedruckt werden<\/p>","protected":false},"featured_media":2663,"template":"","meta":[],"product_cat":[38,69,51,60],"product_tag":[],"class_list":{"0":"post-2659","1":"product","2":"type-product","3":"status-publish","4":"has-post-thumbnail","6":"product_cat-boxing-ring","7":"product_cat-karate-protective-gear","8":"product_cat-martial-arts-protective-gear","9":"product_cat-taekwondo-protective-gear","11":"first","12":"instock","13":"shipping-taxable","14":"product-type-simple"},"yoast_head":"<!-- This site is optimized with the Yoast SEO plugin v22.7 - https:\/\/yoast.com\/wordpress\/plugins\/seo\/ -->\n<title>shin guards - trustworthy combat sports equipment manufacturer<\/title>\n<meta name=\"description\" content=\"High quality taekwondo leg protector martial arts wtf taekwondo shin guard arm guard shin pads custom logo and size white color\" \/>\n<meta name=\"robots\" content=\"index, follow, max-snippet:-1, max-image-preview:large, max-video-preview:-1\" \/>\n<link rel=\"canonical\" href=\"https:\/\/krcsports.com\/de\/produkt\/shin-guards-3\/\" \/>\n<meta property=\"og:locale\" content=\"de_DE\" \/>\n<meta property=\"og:type\" content=\"article\" \/>\n<meta property=\"og:title\" content=\"shin guards - trustworthy combat sports equipment manufacturer\" \/>\n<meta property=\"og:description\" content=\"High quality taekwondo leg protector martial arts wtf taekwondo shin guard arm guard shin pads custom logo and size white color\" \/>\n<meta property=\"og:url\" content=\"https:\/\/krcsports.com\/de\/produkt\/shin-guards-3\/\" \/>\n<meta property=\"og:site_name\" content=\"trustworthy combat sports equipment manufacturer\" \/>\n<meta property=\"article:publisher\" content=\"https:\/\/www.facebook.com\/people\/Krc-sports\/100063994129159\/\" \/>\n<meta property=\"article:modified_time\" content=\"2024-11-30T12:17:03+00:00\" \/>\n<meta property=\"og:image\" content=\"https:\/\/krcsports.com\/wp-content\/uploads\/2024\/09\/shin-guard1-1.webp\" \/>\n\t<meta property=\"og:image:width\" content=\"800\" \/>\n\t<meta property=\"og:image:height\" content=\"800\" \/>\n\t<meta property=\"og:image:type\" content=\"image\/webp\" \/>\n<meta name=\"twitter:card\" content=\"summary_large_image\" \/>\n<meta name=\"twitter:label1\" content=\"Gesch\u00e4tzte Lesezeit\" \/>\n\t<meta name=\"twitter:data1\" content=\"1\u00a0Minute\" \/>\n<script type=\"application\/ld+json\" class=\"yoast-schema-graph\">{\"@context\":\"https:\/\/schema.org\",\"@graph\":[{\"@type\":\"WebPage\",\"@id\":\"https:\/\/krcsports.com\/manufacturer\/shin-guards-3\/\",\"url\":\"https:\/\/krcsports.com\/manufacturer\/shin-guards-3\/\",\"name\":\"shin guards - trustworthy combat sports equipment manufacturer\",\"isPartOf\":{\"@id\":\"https:\/\/krcsports.com\/#website\"},\"primaryImageOfPage\":{\"@id\":\"https:\/\/krcsports.com\/manufacturer\/shin-guards-3\/#primaryimage\"},\"image\":{\"@id\":\"https:\/\/krcsports.com\/manufacturer\/shin-guards-3\/#primaryimage\"},\"thumbnailUrl\":\"https:\/\/cdn.krcsports.com\/2024\/09\/shin-guard1-1.webp\",\"datePublished\":\"2024-09-12T07:53:26+00:00\",\"dateModified\":\"2024-11-30T12:17:03+00:00\",\"description\":\"High quality taekwondo leg protector martial arts wtf taekwondo shin guard arm guard shin pads custom logo and size white color\",\"breadcrumb\":{\"@id\":\"https:\/\/krcsports.com\/manufacturer\/shin-guards-3\/#breadcrumb\"},\"inLanguage\":\"de\",\"potentialAction\":[{\"@type\":\"ReadAction\",\"target\":[\"https:\/\/krcsports.com\/manufacturer\/shin-guards-3\/\"]}]},{\"@type\":\"ImageObject\",\"inLanguage\":\"de\",\"@id\":\"https:\/\/krcsports.com\/manufacturer\/shin-guards-3\/#primaryimage\",\"url\":\"https:\/\/cdn.krcsports.com\/2024\/09\/shin-guard1-1.webp\",\"contentUrl\":\"https:\/\/cdn.krcsports.com\/2024\/09\/shin-guard1-1.webp\",\"width\":800,\"height\":800,\"caption\":\"shin guards\"},{\"@type\":\"BreadcrumbList\",\"@id\":\"https:\/\/krcsports.com\/manufacturer\/shin-guards-3\/#breadcrumb\",\"itemListElement\":[{\"@type\":\"ListItem\",\"position\":1,\"name\":\"Home\",\"item\":\"https:\/\/krcsports.com\/\"},{\"@type\":\"ListItem\",\"position\":2,\"name\":\"Products\",\"item\":\"https:\/\/krcsports.com\/shop\/\"},{\"@type\":\"ListItem\",\"position\":3,\"name\":\"shin guards\"}]},{\"@type\":\"WebSite\",\"@id\":\"https:\/\/krcsports.com\/#website\",\"url\":\"https:\/\/krcsports.com\/\",\"name\":\"krc sports\",\"description\":\"\",\"publisher\":{\"@id\":\"https:\/\/krcsports.com\/#organization\"},\"potentialAction\":[{\"@type\":\"SearchAction\",\"target\":{\"@type\":\"EntryPoint\",\"urlTemplate\":\"https:\/\/krcsports.com\/?s={search_term_string}\"},\"query-input\":\"required name=search_term_string\"}],\"inLanguage\":\"de\"},{\"@type\":\"Organization\",\"@id\":\"https:\/\/krcsports.com\/#organization\",\"name\":\"krc sports\",\"url\":\"https:\/\/krcsports.com\/\",\"logo\":{\"@type\":\"ImageObject\",\"inLanguage\":\"de\",\"@id\":\"https:\/\/krcsports.com\/#\/schema\/logo\/image\/\",\"url\":\"https:\/\/krcsports.com\/wp-content\/uploads\/2024\/07\/logo.webp\",\"contentUrl\":\"https:\/\/krcsports.com\/wp-content\/uploads\/2024\/07\/logo.webp\",\"width\":80,\"height\":60,\"caption\":\"krc sports\"},\"image\":{\"@id\":\"https:\/\/krcsports.com\/#\/schema\/logo\/image\/\"},\"sameAs\":[\"https:\/\/www.facebook.com\/people\/Krc-sports\/100063994129159\/\"]}]}<\/script>\n<!-- \/ Yoast SEO plugin. -->","yoast_head_json":{"title":"Schienbeinschoner - vertrauensw\u00fcrdiger Hersteller von Kampfsportausr\u00fcstung","description":"Hochwertiger Taekwondo-Beinschutz, Kampfsport, WTF, Taekwondo-Schienbeinschutz, Armschutz, Schienbeinschoner, individuelles Logo und Gr\u00f6\u00dfe, Farbe Wei\u00df","robots":{"index":"index","follow":"follow","max-snippet":"max-snippet:-1","max-image-preview":"max-image-preview:large","max-video-preview":"max-video-preview:-1"},"canonical":"https:\/\/krcsports.com\/de\/produkt\/shin-guards-3\/","og_locale":"de_DE","og_type":"article","og_title":"shin guards - trustworthy combat sports equipment manufacturer","og_description":"High quality taekwondo leg protector martial arts wtf taekwondo shin guard arm guard shin pads custom logo and size white color","og_url":"https:\/\/krcsports.com\/de\/produkt\/shin-guards-3\/","og_site_name":"trustworthy combat sports equipment manufacturer","article_publisher":"https:\/\/www.facebook.com\/people\/Krc-sports\/100063994129159\/","article_modified_time":"2024-11-30T12:17:03+00:00","og_image":[{"width":800,"height":800,"url":"https:\/\/krcsports.com\/wp-content\/uploads\/2024\/09\/shin-guard1-1.webp","type":"image\/webp"}],"twitter_card":"summary_large_image","twitter_misc":{"Gesch\u00e4tzte Lesezeit":"1\u00a0Minute"},"schema":{"@context":"https:\/\/schema.org","@graph":[{"@type":"WebPage","@id":"https:\/\/krcsports.com\/manufacturer\/shin-guards-3\/","url":"https:\/\/krcsports.com\/manufacturer\/shin-guards-3\/","name":"Schienbeinschoner - vertrauensw\u00fcrdiger Hersteller von Kampfsportausr\u00fcstung","isPartOf":{"@id":"https:\/\/krcsports.com\/#website"},"primaryImageOfPage":{"@id":"https:\/\/krcsports.com\/manufacturer\/shin-guards-3\/#primaryimage"},"image":{"@id":"https:\/\/krcsports.com\/manufacturer\/shin-guards-3\/#primaryimage"},"thumbnailUrl":"https:\/\/cdn.krcsports.com\/2024\/09\/shin-guard1-1.webp","datePublished":"2024-09-12T07:53:26+00:00","dateModified":"2024-11-30T12:17:03+00:00","description":"Hochwertiger Taekwondo-Beinschutz, Kampfsport, WTF, Taekwondo-Schienbeinschutz, Armschutz, Schienbeinschoner, individuelles Logo und Gr\u00f6\u00dfe, Farbe Wei\u00df","breadcrumb":{"@id":"https:\/\/krcsports.com\/manufacturer\/shin-guards-3\/#breadcrumb"},"inLanguage":"de","potentialAction":[{"@type":"ReadAction","target":["https:\/\/krcsports.com\/manufacturer\/shin-guards-3\/"]}]},{"@type":"ImageObject","inLanguage":"de","@id":"https:\/\/krcsports.com\/manufacturer\/shin-guards-3\/#primaryimage","url":"https:\/\/cdn.krcsports.com\/2024\/09\/shin-guard1-1.webp","contentUrl":"https:\/\/cdn.krcsports.com\/2024\/09\/shin-guard1-1.webp","width":800,"height":800,"caption":"shin guards"},{"@type":"BreadcrumbList","@id":"https:\/\/krcsports.com\/manufacturer\/shin-guards-3\/#breadcrumb","itemListElement":[{"@type":"ListItem","position":1,"name":"Home","item":"https:\/\/krcsports.com\/"},{"@type":"ListItem","position":2,"name":"Products","item":"https:\/\/krcsports.com\/shop\/"},{"@type":"ListItem","position":3,"name":"shin guards"}]},{"@type":"WebSite","@id":"https:\/\/krcsports.com\/#website","url":"https:\/\/krcsports.com\/","name":"KRC-Sport","description":"","publisher":{"@id":"https:\/\/krcsports.com\/#organization"},"potentialAction":[{"@type":"SearchAction","target":{"@type":"EntryPoint","urlTemplate":"https:\/\/krcsports.com\/?s={search_term_string}"},"query-input":"required name=search_term_string"}],"inLanguage":"de"},{"@type":"Organization","@id":"https:\/\/krcsports.com\/#organization","name":"KRC-Sport","url":"https:\/\/krcsports.com\/","logo":{"@type":"ImageObject","inLanguage":"de","@id":"https:\/\/krcsports.com\/#\/schema\/logo\/image\/","url":"https:\/\/krcsports.com\/wp-content\/uploads\/2024\/07\/logo.webp","contentUrl":"https:\/\/krcsports.com\/wp-content\/uploads\/2024\/07\/logo.webp","width":80,"height":60,"caption":"krc sports"},"image":{"@id":"https:\/\/krcsports.com\/#\/schema\/logo\/image\/"},"sameAs":["https:\/\/www.facebook.com\/people\/Krc-sports\/100063994129159\/"]}]}},"_links":{"self":[{"href":"https:\/\/krcsports.com\/de\/wp-json\/wp\/v2\/product\/2659","targetHints":{"allow":["GET"]}}],"collection":[{"href":"https:\/\/krcsports.com\/de\/wp-json\/wp\/v2\/product"}],"about":[{"href":"https:\/\/krcsports.com\/de\/wp-json\/wp\/v2\/types\/product"}],"wp:featuredmedia":[{"embeddable":true,"href":"https:\/\/krcsports.com\/de\/wp-json\/wp\/v2\/media\/2663"}],"wp:attachment":[{"href":"https:\/\/krcsports.com\/de\/wp-json\/wp\/v2\/media?parent=2659"}],"wp:term":[{"taxonomy":"product_cat","embeddable":true,"href":"https:\/\/krcsports.com\/de\/wp-json\/wp\/v2\/product_cat?post=2659"},{"taxonomy":"product_tag","embeddable":true,"href":"https:\/\/krcsports.com\/de\/wp-json\/wp\/v2\/product_tag?post=2659"}],"curies":[{"name":"wp","href":"https:\/\/api.w.org\/{rel}","templated":true}]}}