{"id":2638,"date":"2024-09-12T07:15:03","date_gmt":"2024-09-12T07:15:03","guid":{"rendered":"https:\/\/krcsports.com\/?post_type=product&#038;p=2638"},"modified":"2024-11-30T06:58:38","modified_gmt":"2024-11-30T06:58:38","slug":"taekwondo-target","status":"publish","type":"product","link":"https:\/\/krcsports.com\/de\/manufacturer\/taekwondo-target\/","title":{"rendered":"Taekwondo-Ziel"},"content":{"rendered":"<ul class=\"a-unordered-list a-vertical a-spacing-mini\">\n<li class=\"a-spacing-mini\"><span class=\"a-list-item\">Einzigartiges Doppel-Pad-Design: Dieses Paket enth\u00e4lt zwei Doppel-Kicking-Pads, die jeweils aus zwei Zielbl\u00e4ttern bestehen. Dieses einzigartige Design bietet mehr Oberfl\u00e4che zum \u00dcben Ihrer Taekwondo-Kicks<\/span><\/li>\n<\/ul>\n<p>\u00a0<\/p>\n<ul class=\"a-unordered-list a-vertical a-spacing-mini\">\n<li class=\"a-spacing-mini\"><span class=\"a-list-item\">Vielseitig einsetzbar: Diese Doppel-Kickpads sind ideal f\u00fcr Taekwondo-Fans aller Niveaus. Sie k\u00f6nnen sowohl zum \u00dcben von niedrigen als auch hohen Kicks verwendet werden und helfen Ihnen, Ihre Geschwindigkeit, Genauigkeit und Kraft zu verbessern.<\/span><\/li>\n<\/ul>\n<p>\u00a0<\/p>\n<ul class=\"a-unordered-list a-vertical a-spacing-mini\">\n<li class=\"a-spacing-mini\"><span class=\"a-list-item\">Verbessern Sie Ihre F\u00e4higkeiten: Unsere Kickpads wurden mit dem Schwerpunkt entwickelt, Ihre High- und Low-Kicks zu verbessern. Bringen Sie sich bei, jedes Mal mit verbesserter Geschwindigkeit, Genauigkeit und Kraft zu treten.<\/span><\/li>\n<\/ul>\n<p>\u00a0<\/p>\n<ul class=\"a-unordered-list a-vertical a-spacing-mini\">\n<li class=\"a-spacing-mini\"><span class=\"a-list-item\">Handgelenkschlaufe enthalten: Eine Handgelenkschlaufe ist im Lieferumfang enthalten, um zu verhindern, dass das Kickpad w\u00e4hrend des Trainings herunterf\u00e4llt. Diese Funktion sorgt f\u00fcr Sicherheit bei anstrengenden Trainingseinheiten.<\/span><\/li>\n<\/ul>\n<p>\u00a0<\/p>\n<ul class=\"a-unordered-list a-vertical a-spacing-mini\">\n<li class=\"a-spacing-mini\"><span class=\"a-list-item\">Vielseitig einsetzbar: Diese Kickpads sind zwar f\u00fcr Taekwondo gedacht, k\u00f6nnen aber auch f\u00fcr verschiedene andere Kampfsportarten verwendet werden. Ob f\u00fcr Taekwondo, Kickboxen oder andere Kampfsportarten, diese Pads sind ein gro\u00dfartiges Zubeh\u00f6r f\u00fcr alle, die ihre Kick-Techniken verbessern m\u00f6chten.<\/span><\/li>\n<\/ul>","protected":false},"excerpt":{"rendered":"<p>Das doppelseitige Taekwondo-Ziel besteht au\u00dfen aus hochwertigem PU-Leder und innen aus hochelastischem Kompressionsschwamm.<\/p>\n<p>Das Paket enth\u00e4lt 2 Packungen rote Kickpads, Gr\u00f6\u00dfe: 15&quot; x 7,5&quot; x 2,5&quot;.<\/p>\n<p> Mit Handschlaufe, die ein Herunterfallen des Kickpads verhindert.<\/p>\n<p>Das Kicking Pad eignet sich hervorragend zum \u00dcben von High- und Low-Kicks. <\/p>\n<p>Die Bretter im Inneren der Polster erzeugen ein lautes Schlagger\u00e4usch, mit dem Sie die Effizienz und Genauigkeit Ihrer Tritte messen k\u00f6nnen.<\/p>\n<p>Anwendbar beim \u00dcben von Taekwondo, Kampfsport, Karate, Boxen, Muay Thai usw.<\/p>","protected":false},"featured_media":2639,"template":"","meta":[],"product_cat":[57,38],"product_tag":[],"class_list":{"0":"post-2638","1":"product","2":"type-product","3":"status-publish","4":"has-post-thumbnail","6":"product_cat-taekwondo-mitts-target","7":"product_cat-boxing-ring","9":"first","10":"instock","11":"shipping-taxable","12":"product-type-simple"},"yoast_head":"<!-- This site is optimized with the Yoast SEO plugin v22.7 - https:\/\/yoast.com\/wordpress\/plugins\/seo\/ -->\n<title>taekwondo target - trustworthy combat sports equipment manufacturer<\/title>\n<meta name=\"description\" content=\"2 Pack Taekwondo target Kick Pads, Durable Striking Pad Target TKD Karate Martial Arts Strike Targets Kickboxing Training, Red\" \/>\n<meta name=\"robots\" content=\"index, follow, max-snippet:-1, max-image-preview:large, max-video-preview:-1\" \/>\n<link rel=\"canonical\" href=\"https:\/\/krcsports.com\/de\/produkt\/taekwondo-target\/\" \/>\n<meta property=\"og:locale\" content=\"de_DE\" \/>\n<meta property=\"og:type\" content=\"article\" \/>\n<meta property=\"og:title\" content=\"taekwondo target - trustworthy combat sports equipment manufacturer\" \/>\n<meta property=\"og:description\" content=\"2 Pack Taekwondo target Kick Pads, Durable Striking Pad Target TKD Karate Martial Arts Strike Targets Kickboxing Training, Red\" \/>\n<meta property=\"og:url\" content=\"https:\/\/krcsports.com\/de\/produkt\/taekwondo-target\/\" \/>\n<meta property=\"og:site_name\" content=\"trustworthy combat sports equipment manufacturer\" \/>\n<meta property=\"article:publisher\" content=\"https:\/\/www.facebook.com\/people\/Krc-sports\/100063994129159\/\" \/>\n<meta property=\"article:modified_time\" content=\"2024-11-30T06:58:38+00:00\" \/>\n<meta property=\"og:image\" content=\"https:\/\/krcsports.com\/wp-content\/uploads\/2024\/09\/target1.webp\" \/>\n\t<meta property=\"og:image:width\" content=\"800\" \/>\n\t<meta property=\"og:image:height\" content=\"800\" \/>\n\t<meta property=\"og:image:type\" content=\"image\/webp\" \/>\n<meta name=\"twitter:card\" content=\"summary_large_image\" \/>\n<meta name=\"twitter:label1\" content=\"Gesch\u00e4tzte Lesezeit\" \/>\n\t<meta name=\"twitter:data1\" content=\"1\u00a0Minute\" \/>\n<script type=\"application\/ld+json\" class=\"yoast-schema-graph\">{\"@context\":\"https:\/\/schema.org\",\"@graph\":[{\"@type\":\"WebPage\",\"@id\":\"https:\/\/krcsports.com\/manufacturer\/taekwondo-target\/\",\"url\":\"https:\/\/krcsports.com\/manufacturer\/taekwondo-target\/\",\"name\":\"taekwondo target - trustworthy combat sports equipment manufacturer\",\"isPartOf\":{\"@id\":\"https:\/\/krcsports.com\/#website\"},\"primaryImageOfPage\":{\"@id\":\"https:\/\/krcsports.com\/manufacturer\/taekwondo-target\/#primaryimage\"},\"image\":{\"@id\":\"https:\/\/krcsports.com\/manufacturer\/taekwondo-target\/#primaryimage\"},\"thumbnailUrl\":\"https:\/\/cdn.krcsports.com\/2024\/09\/target1.webp\",\"datePublished\":\"2024-09-12T07:15:03+00:00\",\"dateModified\":\"2024-11-30T06:58:38+00:00\",\"description\":\"2 Pack Taekwondo target Kick Pads, Durable Striking Pad Target TKD Karate Martial Arts Strike Targets Kickboxing Training, Red\",\"breadcrumb\":{\"@id\":\"https:\/\/krcsports.com\/manufacturer\/taekwondo-target\/#breadcrumb\"},\"inLanguage\":\"de\",\"potentialAction\":[{\"@type\":\"ReadAction\",\"target\":[\"https:\/\/krcsports.com\/manufacturer\/taekwondo-target\/\"]}]},{\"@type\":\"ImageObject\",\"inLanguage\":\"de\",\"@id\":\"https:\/\/krcsports.com\/manufacturer\/taekwondo-target\/#primaryimage\",\"url\":\"https:\/\/cdn.krcsports.com\/2024\/09\/target1.webp\",\"contentUrl\":\"https:\/\/cdn.krcsports.com\/2024\/09\/target1.webp\",\"width\":800,\"height\":800,\"caption\":\"target\"},{\"@type\":\"BreadcrumbList\",\"@id\":\"https:\/\/krcsports.com\/manufacturer\/taekwondo-target\/#breadcrumb\",\"itemListElement\":[{\"@type\":\"ListItem\",\"position\":1,\"name\":\"Home\",\"item\":\"https:\/\/krcsports.com\/\"},{\"@type\":\"ListItem\",\"position\":2,\"name\":\"Products\",\"item\":\"https:\/\/krcsports.com\/shop\/\"},{\"@type\":\"ListItem\",\"position\":3,\"name\":\"taekwondo target\"}]},{\"@type\":\"WebSite\",\"@id\":\"https:\/\/krcsports.com\/#website\",\"url\":\"https:\/\/krcsports.com\/\",\"name\":\"krc sports\",\"description\":\"\",\"publisher\":{\"@id\":\"https:\/\/krcsports.com\/#organization\"},\"potentialAction\":[{\"@type\":\"SearchAction\",\"target\":{\"@type\":\"EntryPoint\",\"urlTemplate\":\"https:\/\/krcsports.com\/?s={search_term_string}\"},\"query-input\":\"required name=search_term_string\"}],\"inLanguage\":\"de\"},{\"@type\":\"Organization\",\"@id\":\"https:\/\/krcsports.com\/#organization\",\"name\":\"krc sports\",\"url\":\"https:\/\/krcsports.com\/\",\"logo\":{\"@type\":\"ImageObject\",\"inLanguage\":\"de\",\"@id\":\"https:\/\/krcsports.com\/#\/schema\/logo\/image\/\",\"url\":\"https:\/\/krcsports.com\/wp-content\/uploads\/2024\/07\/logo.webp\",\"contentUrl\":\"https:\/\/krcsports.com\/wp-content\/uploads\/2024\/07\/logo.webp\",\"width\":80,\"height\":60,\"caption\":\"krc sports\"},\"image\":{\"@id\":\"https:\/\/krcsports.com\/#\/schema\/logo\/image\/\"},\"sameAs\":[\"https:\/\/www.facebook.com\/people\/Krc-sports\/100063994129159\/\"]}]}<\/script>\n<!-- \/ Yoast SEO plugin. -->","yoast_head_json":{"title":"Taekwondo Zielscheibe - vertrauensw\u00fcrdiger Hersteller von Kampfsportausr\u00fcstung","description":"2er-Pack Taekwondo-Kick-Pads, langlebiges Schlagpolster-Ziel TKD Karate Kampfsport Schlagziele Kickbox-Training, rot","robots":{"index":"index","follow":"follow","max-snippet":"max-snippet:-1","max-image-preview":"max-image-preview:large","max-video-preview":"max-video-preview:-1"},"canonical":"https:\/\/krcsports.com\/de\/produkt\/taekwondo-target\/","og_locale":"de_DE","og_type":"article","og_title":"taekwondo target - trustworthy combat sports equipment manufacturer","og_description":"2 Pack Taekwondo target Kick Pads, Durable Striking Pad Target TKD Karate Martial Arts Strike Targets Kickboxing Training, Red","og_url":"https:\/\/krcsports.com\/de\/produkt\/taekwondo-target\/","og_site_name":"trustworthy combat sports equipment manufacturer","article_publisher":"https:\/\/www.facebook.com\/people\/Krc-sports\/100063994129159\/","article_modified_time":"2024-11-30T06:58:38+00:00","og_image":[{"width":800,"height":800,"url":"https:\/\/krcsports.com\/wp-content\/uploads\/2024\/09\/target1.webp","type":"image\/webp"}],"twitter_card":"summary_large_image","twitter_misc":{"Gesch\u00e4tzte Lesezeit":"1\u00a0Minute"},"schema":{"@context":"https:\/\/schema.org","@graph":[{"@type":"WebPage","@id":"https:\/\/krcsports.com\/manufacturer\/taekwondo-target\/","url":"https:\/\/krcsports.com\/manufacturer\/taekwondo-target\/","name":"Taekwondo Zielscheibe - vertrauensw\u00fcrdiger Hersteller von Kampfsportausr\u00fcstung","isPartOf":{"@id":"https:\/\/krcsports.com\/#website"},"primaryImageOfPage":{"@id":"https:\/\/krcsports.com\/manufacturer\/taekwondo-target\/#primaryimage"},"image":{"@id":"https:\/\/krcsports.com\/manufacturer\/taekwondo-target\/#primaryimage"},"thumbnailUrl":"https:\/\/cdn.krcsports.com\/2024\/09\/target1.webp","datePublished":"2024-09-12T07:15:03+00:00","dateModified":"2024-11-30T06:58:38+00:00","description":"2er-Pack Taekwondo-Kick-Pads, langlebiges Schlagpolster-Ziel TKD Karate Kampfsport Schlagziele Kickbox-Training, rot","breadcrumb":{"@id":"https:\/\/krcsports.com\/manufacturer\/taekwondo-target\/#breadcrumb"},"inLanguage":"de","potentialAction":[{"@type":"ReadAction","target":["https:\/\/krcsports.com\/manufacturer\/taekwondo-target\/"]}]},{"@type":"ImageObject","inLanguage":"de","@id":"https:\/\/krcsports.com\/manufacturer\/taekwondo-target\/#primaryimage","url":"https:\/\/cdn.krcsports.com\/2024\/09\/target1.webp","contentUrl":"https:\/\/cdn.krcsports.com\/2024\/09\/target1.webp","width":800,"height":800,"caption":"target"},{"@type":"BreadcrumbList","@id":"https:\/\/krcsports.com\/manufacturer\/taekwondo-target\/#breadcrumb","itemListElement":[{"@type":"ListItem","position":1,"name":"Home","item":"https:\/\/krcsports.com\/"},{"@type":"ListItem","position":2,"name":"Products","item":"https:\/\/krcsports.com\/shop\/"},{"@type":"ListItem","position":3,"name":"taekwondo target"}]},{"@type":"WebSite","@id":"https:\/\/krcsports.com\/#website","url":"https:\/\/krcsports.com\/","name":"KRC-Sport","description":"","publisher":{"@id":"https:\/\/krcsports.com\/#organization"},"potentialAction":[{"@type":"SearchAction","target":{"@type":"EntryPoint","urlTemplate":"https:\/\/krcsports.com\/?s={search_term_string}"},"query-input":"required name=search_term_string"}],"inLanguage":"de"},{"@type":"Organization","@id":"https:\/\/krcsports.com\/#organization","name":"KRC-Sport","url":"https:\/\/krcsports.com\/","logo":{"@type":"ImageObject","inLanguage":"de","@id":"https:\/\/krcsports.com\/#\/schema\/logo\/image\/","url":"https:\/\/krcsports.com\/wp-content\/uploads\/2024\/07\/logo.webp","contentUrl":"https:\/\/krcsports.com\/wp-content\/uploads\/2024\/07\/logo.webp","width":80,"height":60,"caption":"krc sports"},"image":{"@id":"https:\/\/krcsports.com\/#\/schema\/logo\/image\/"},"sameAs":["https:\/\/www.facebook.com\/people\/Krc-sports\/100063994129159\/"]}]}},"_links":{"self":[{"href":"https:\/\/krcsports.com\/de\/wp-json\/wp\/v2\/product\/2638","targetHints":{"allow":["GET"]}}],"collection":[{"href":"https:\/\/krcsports.com\/de\/wp-json\/wp\/v2\/product"}],"about":[{"href":"https:\/\/krcsports.com\/de\/wp-json\/wp\/v2\/types\/product"}],"wp:featuredmedia":[{"embeddable":true,"href":"https:\/\/krcsports.com\/de\/wp-json\/wp\/v2\/media\/2639"}],"wp:attachment":[{"href":"https:\/\/krcsports.com\/de\/wp-json\/wp\/v2\/media?parent=2638"}],"wp:term":[{"taxonomy":"product_cat","embeddable":true,"href":"https:\/\/krcsports.com\/de\/wp-json\/wp\/v2\/product_cat?post=2638"},{"taxonomy":"product_tag","embeddable":true,"href":"https:\/\/krcsports.com\/de\/wp-json\/wp\/v2\/product_tag?post=2638"}],"curies":[{"name":"wp","href":"https:\/\/api.w.org\/{rel}","templated":true}]}}