{"id":2587,"date":"2024-09-12T02:29:30","date_gmt":"2024-09-12T02:29:30","guid":{"rendered":"https:\/\/krcsports.com\/?post_type=product&#038;p=2587"},"modified":"2024-12-01T11:12:04","modified_gmt":"2024-12-01T11:12:04","slug":"karate-chest-guard","status":"publish","type":"product","link":"https:\/\/krcsports.com\/de\/manufacturer\/karate-chest-guard\/","title":{"rendered":"Karate-Brustschutz"},"content":{"rendered":"<ul class=\"a-unordered-list a-vertical a-spacing-mini\">\n<li class=\"a-spacing-mini\">\u00a0<\/li>\n<li class=\"a-spacing-mini\"><span class=\"a-list-item\">Karate-Brustschutz \u2013 so konzipiert, dass Ihre Kinder sich bei der Aus\u00fcbung ihres Lieblingssports wohlf\u00fchlen und gesch\u00fctzt sind<\/span><\/li>\n<\/ul>\n<p>\u00a0<\/p>\n<ul class=\"a-unordered-list a-vertical a-spacing-mini\">\n<li class=\"a-spacing-mini\"><span class=\"a-list-item\">\u00a0Brustschutz \u2013 damit l\u00e4sst sich der Schutz perfekt am K\u00f6rper des Kindes befestigen, er l\u00e4sst sich bequem an den K\u00f6rper des Kindes anpassen und ist leicht an- und auszuziehen. Karate-Brustschutz<\/span><\/li>\n<\/ul>\n<p>\u00a0<\/p>\n<ul class=\"a-unordered-list a-vertical a-spacing-mini\">\n<li class=\"a-spacing-mini\"><span class=\"a-list-item\">Karate Brustschutz f\u00fcr Kinder \u2013 leicht zu tragen und bequem, geeignet f\u00fcr Boxsport, Fitness, Kickboxen und mehr<\/span><\/li>\n<\/ul>\n<p>\u00a0<\/p>\n<ul class=\"a-unordered-list a-vertical a-spacing-mini\">\n<li class=\"a-spacing-mini\"><span class=\"a-list-item\">f\u00fcr Kinder \u2013 kann f\u00fcr Thaiboxen, Karate, Kickboxen oder andere Aktivit\u00e4ten verwendet werden, bei denen Ihr Kind zus\u00e4tzlichen Brustschutz ben\u00f6tigt<\/span><\/li>\n<\/ul>\n<p>\u00a0<\/p>\n<ul class=\"a-unordered-list a-vertical a-spacing-mini\">\n<li class=\"a-spacing-mini\"><span class=\"a-list-item\">Kreative Schutzweste \u2013 verstellbares Design, passend f\u00fcr die meisten Kinder, was ihre Zweckm\u00e4\u00dfigkeit und Beliebtheit gew\u00e4hrleistet<\/span><\/li>\n<\/ul>","protected":false},"excerpt":{"rendered":"<p>Karate-Brustschutz. Hergestellt aus hochwertigen Materialien f\u00fcr hohen Tragekomfort.<\/p>\n<p>Leichtgewicht f\u00fcr schnellere Bewegungen im Kampf.<\/p>\n<p>Atmungsaktives Gewebe im Inneren f\u00fcr kontinuierliche Luftzirkulation<\/p>\n<p>Solide N\u00e4hte und getrimmte Kanten f\u00fcr Langlebigkeit<\/p>\n<p>Ergonomisches Design f\u00fcr optimalen Brustschutz, ohne Ihre Bewegungsfreiheit einzuschr\u00e4nken.<\/p>\n<p>Interne Polster zur Sto\u00dfd\u00e4mpfung und Verteilung der St\u00f6\u00dfe.<\/p>\n<p>Mit verstellbaren, elastischen Klettverschl\u00fcssen f\u00fcr eine perfekte Passform.<\/p>\n<p>Leicht zu tragen<\/p>\n<p>Hergestellt aus hochwertigem Oxford- und elastischem Stoff<\/p>","protected":false},"featured_media":2607,"template":"","meta":[],"product_cat":[69,38],"product_tag":[],"class_list":{"0":"post-2587","1":"product","2":"type-product","3":"status-publish","4":"has-post-thumbnail","6":"product_cat-karate-protective-gear","7":"product_cat-boxing-ring","9":"first","10":"instock","11":"shipping-taxable","12":"product-type-simple"},"yoast_head":"<!-- This site is optimized with the Yoast SEO plugin v22.7 - https:\/\/yoast.com\/wordpress\/plugins\/seo\/ -->\n<title>karate chest guard - trustworthy combat sports equipment manufacturer<\/title>\n<meta name=\"description\" content=\"Karate Chest Guard for Kids &amp; Adults chest protector sweat vest muay thai chest guard taekwondo chest guard kids protector vest boxing\" \/>\n<meta name=\"robots\" content=\"index, follow, max-snippet:-1, max-image-preview:large, max-video-preview:-1\" \/>\n<link rel=\"canonical\" href=\"https:\/\/krcsports.com\/de\/produkt\/karate-chest-guard\/\" \/>\n<meta property=\"og:locale\" content=\"de_DE\" \/>\n<meta property=\"og:type\" content=\"article\" \/>\n<meta property=\"og:title\" content=\"karate chest guard - trustworthy combat sports equipment manufacturer\" \/>\n<meta property=\"og:description\" content=\"Karate Chest Guard for Kids &amp; Adults chest protector sweat vest muay thai chest guard taekwondo chest guard kids protector vest boxing\" \/>\n<meta property=\"og:url\" content=\"https:\/\/krcsports.com\/de\/produkt\/karate-chest-guard\/\" \/>\n<meta property=\"og:site_name\" content=\"trustworthy combat sports equipment manufacturer\" \/>\n<meta property=\"article:publisher\" content=\"https:\/\/www.facebook.com\/people\/Krc-sports\/100063994129159\/\" \/>\n<meta property=\"article:modified_time\" content=\"2024-12-01T11:12:04+00:00\" \/>\n<meta property=\"og:image\" content=\"https:\/\/krcsports.com\/wp-content\/uploads\/2024\/09\/chest-guard11.webp\" \/>\n\t<meta property=\"og:image:width\" content=\"800\" \/>\n\t<meta property=\"og:image:height\" content=\"800\" \/>\n\t<meta property=\"og:image:type\" content=\"image\/webp\" \/>\n<meta name=\"twitter:card\" content=\"summary_large_image\" \/>\n<meta name=\"twitter:label1\" content=\"Gesch\u00e4tzte Lesezeit\" \/>\n\t<meta name=\"twitter:data1\" content=\"1\u00a0Minute\" \/>\n<script type=\"application\/ld+json\" class=\"yoast-schema-graph\">{\"@context\":\"https:\/\/schema.org\",\"@graph\":[{\"@type\":\"WebPage\",\"@id\":\"https:\/\/krcsports.com\/manufacturer\/karate-chest-guard\/\",\"url\":\"https:\/\/krcsports.com\/manufacturer\/karate-chest-guard\/\",\"name\":\"karate chest guard - trustworthy combat sports equipment manufacturer\",\"isPartOf\":{\"@id\":\"https:\/\/krcsports.com\/#website\"},\"primaryImageOfPage\":{\"@id\":\"https:\/\/krcsports.com\/manufacturer\/karate-chest-guard\/#primaryimage\"},\"image\":{\"@id\":\"https:\/\/krcsports.com\/manufacturer\/karate-chest-guard\/#primaryimage\"},\"thumbnailUrl\":\"https:\/\/cdn.krcsports.com\/2024\/09\/chest-guard11.webp\",\"datePublished\":\"2024-09-12T02:29:30+00:00\",\"dateModified\":\"2024-12-01T11:12:04+00:00\",\"description\":\"Karate Chest Guard for Kids & Adults chest protector sweat vest muay thai chest guard taekwondo chest guard kids protector vest boxing\",\"breadcrumb\":{\"@id\":\"https:\/\/krcsports.com\/manufacturer\/karate-chest-guard\/#breadcrumb\"},\"inLanguage\":\"de\",\"potentialAction\":[{\"@type\":\"ReadAction\",\"target\":[\"https:\/\/krcsports.com\/manufacturer\/karate-chest-guard\/\"]}]},{\"@type\":\"ImageObject\",\"inLanguage\":\"de\",\"@id\":\"https:\/\/krcsports.com\/manufacturer\/karate-chest-guard\/#primaryimage\",\"url\":\"https:\/\/cdn.krcsports.com\/2024\/09\/chest-guard11.webp\",\"contentUrl\":\"https:\/\/cdn.krcsports.com\/2024\/09\/chest-guard11.webp\",\"width\":800,\"height\":800,\"caption\":\"chest guard\"},{\"@type\":\"BreadcrumbList\",\"@id\":\"https:\/\/krcsports.com\/manufacturer\/karate-chest-guard\/#breadcrumb\",\"itemListElement\":[{\"@type\":\"ListItem\",\"position\":1,\"name\":\"Home\",\"item\":\"https:\/\/krcsports.com\/\"},{\"@type\":\"ListItem\",\"position\":2,\"name\":\"Products\",\"item\":\"https:\/\/krcsports.com\/shop\/\"},{\"@type\":\"ListItem\",\"position\":3,\"name\":\"karate chest guard\"}]},{\"@type\":\"WebSite\",\"@id\":\"https:\/\/krcsports.com\/#website\",\"url\":\"https:\/\/krcsports.com\/\",\"name\":\"krc sports\",\"description\":\"\",\"publisher\":{\"@id\":\"https:\/\/krcsports.com\/#organization\"},\"potentialAction\":[{\"@type\":\"SearchAction\",\"target\":{\"@type\":\"EntryPoint\",\"urlTemplate\":\"https:\/\/krcsports.com\/?s={search_term_string}\"},\"query-input\":\"required name=search_term_string\"}],\"inLanguage\":\"de\"},{\"@type\":\"Organization\",\"@id\":\"https:\/\/krcsports.com\/#organization\",\"name\":\"krc sports\",\"url\":\"https:\/\/krcsports.com\/\",\"logo\":{\"@type\":\"ImageObject\",\"inLanguage\":\"de\",\"@id\":\"https:\/\/krcsports.com\/#\/schema\/logo\/image\/\",\"url\":\"https:\/\/krcsports.com\/wp-content\/uploads\/2024\/07\/logo.webp\",\"contentUrl\":\"https:\/\/krcsports.com\/wp-content\/uploads\/2024\/07\/logo.webp\",\"width\":80,\"height\":60,\"caption\":\"krc sports\"},\"image\":{\"@id\":\"https:\/\/krcsports.com\/#\/schema\/logo\/image\/\"},\"sameAs\":[\"https:\/\/www.facebook.com\/people\/Krc-sports\/100063994129159\/\"]}]}<\/script>\n<!-- \/ Yoast SEO plugin. -->","yoast_head_json":{"title":"Karate Brustschutz - vertrauensw\u00fcrdiger Hersteller von Kampfsportausr\u00fcstung","description":"Karate-Brustschutz f\u00fcr Kinder und Erwachsene Brustschutz Schwei\u00dfweste Muay-Thai-Brustschutz Taekwondo-Brustschutz Kinderschutzweste Boxen","robots":{"index":"index","follow":"follow","max-snippet":"max-snippet:-1","max-image-preview":"max-image-preview:large","max-video-preview":"max-video-preview:-1"},"canonical":"https:\/\/krcsports.com\/de\/produkt\/karate-chest-guard\/","og_locale":"de_DE","og_type":"article","og_title":"karate chest guard - trustworthy combat sports equipment manufacturer","og_description":"Karate Chest Guard for Kids & Adults chest protector sweat vest muay thai chest guard taekwondo chest guard kids protector vest boxing","og_url":"https:\/\/krcsports.com\/de\/produkt\/karate-chest-guard\/","og_site_name":"trustworthy combat sports equipment manufacturer","article_publisher":"https:\/\/www.facebook.com\/people\/Krc-sports\/100063994129159\/","article_modified_time":"2024-12-01T11:12:04+00:00","og_image":[{"width":800,"height":800,"url":"https:\/\/krcsports.com\/wp-content\/uploads\/2024\/09\/chest-guard11.webp","type":"image\/webp"}],"twitter_card":"summary_large_image","twitter_misc":{"Gesch\u00e4tzte Lesezeit":"1\u00a0Minute"},"schema":{"@context":"https:\/\/schema.org","@graph":[{"@type":"WebPage","@id":"https:\/\/krcsports.com\/manufacturer\/karate-chest-guard\/","url":"https:\/\/krcsports.com\/manufacturer\/karate-chest-guard\/","name":"Karate Brustschutz - vertrauensw\u00fcrdiger Hersteller von Kampfsportausr\u00fcstung","isPartOf":{"@id":"https:\/\/krcsports.com\/#website"},"primaryImageOfPage":{"@id":"https:\/\/krcsports.com\/manufacturer\/karate-chest-guard\/#primaryimage"},"image":{"@id":"https:\/\/krcsports.com\/manufacturer\/karate-chest-guard\/#primaryimage"},"thumbnailUrl":"https:\/\/cdn.krcsports.com\/2024\/09\/chest-guard11.webp","datePublished":"2024-09-12T02:29:30+00:00","dateModified":"2024-12-01T11:12:04+00:00","description":"Karate-Brustschutz f\u00fcr Kinder und Erwachsene Brustschutz Schwei\u00dfweste Muay-Thai-Brustschutz Taekwondo-Brustschutz Kinderschutzweste Boxen","breadcrumb":{"@id":"https:\/\/krcsports.com\/manufacturer\/karate-chest-guard\/#breadcrumb"},"inLanguage":"de","potentialAction":[{"@type":"ReadAction","target":["https:\/\/krcsports.com\/manufacturer\/karate-chest-guard\/"]}]},{"@type":"ImageObject","inLanguage":"de","@id":"https:\/\/krcsports.com\/manufacturer\/karate-chest-guard\/#primaryimage","url":"https:\/\/cdn.krcsports.com\/2024\/09\/chest-guard11.webp","contentUrl":"https:\/\/cdn.krcsports.com\/2024\/09\/chest-guard11.webp","width":800,"height":800,"caption":"chest guard"},{"@type":"BreadcrumbList","@id":"https:\/\/krcsports.com\/manufacturer\/karate-chest-guard\/#breadcrumb","itemListElement":[{"@type":"ListItem","position":1,"name":"Home","item":"https:\/\/krcsports.com\/"},{"@type":"ListItem","position":2,"name":"Products","item":"https:\/\/krcsports.com\/shop\/"},{"@type":"ListItem","position":3,"name":"karate chest guard"}]},{"@type":"WebSite","@id":"https:\/\/krcsports.com\/#website","url":"https:\/\/krcsports.com\/","name":"KRC-Sport","description":"","publisher":{"@id":"https:\/\/krcsports.com\/#organization"},"potentialAction":[{"@type":"SearchAction","target":{"@type":"EntryPoint","urlTemplate":"https:\/\/krcsports.com\/?s={search_term_string}"},"query-input":"required name=search_term_string"}],"inLanguage":"de"},{"@type":"Organization","@id":"https:\/\/krcsports.com\/#organization","name":"KRC-Sport","url":"https:\/\/krcsports.com\/","logo":{"@type":"ImageObject","inLanguage":"de","@id":"https:\/\/krcsports.com\/#\/schema\/logo\/image\/","url":"https:\/\/krcsports.com\/wp-content\/uploads\/2024\/07\/logo.webp","contentUrl":"https:\/\/krcsports.com\/wp-content\/uploads\/2024\/07\/logo.webp","width":80,"height":60,"caption":"krc sports"},"image":{"@id":"https:\/\/krcsports.com\/#\/schema\/logo\/image\/"},"sameAs":["https:\/\/www.facebook.com\/people\/Krc-sports\/100063994129159\/"]}]}},"_links":{"self":[{"href":"https:\/\/krcsports.com\/de\/wp-json\/wp\/v2\/product\/2587","targetHints":{"allow":["GET"]}}],"collection":[{"href":"https:\/\/krcsports.com\/de\/wp-json\/wp\/v2\/product"}],"about":[{"href":"https:\/\/krcsports.com\/de\/wp-json\/wp\/v2\/types\/product"}],"wp:featuredmedia":[{"embeddable":true,"href":"https:\/\/krcsports.com\/de\/wp-json\/wp\/v2\/media\/2607"}],"wp:attachment":[{"href":"https:\/\/krcsports.com\/de\/wp-json\/wp\/v2\/media?parent=2587"}],"wp:term":[{"taxonomy":"product_cat","embeddable":true,"href":"https:\/\/krcsports.com\/de\/wp-json\/wp\/v2\/product_cat?post=2587"},{"taxonomy":"product_tag","embeddable":true,"href":"https:\/\/krcsports.com\/de\/wp-json\/wp\/v2\/product_tag?post=2587"}],"curies":[{"name":"wp","href":"https:\/\/api.w.org\/{rel}","templated":true}]}}