{"id":2312,"date":"2024-09-10T03:22:39","date_gmt":"2024-09-10T03:22:39","guid":{"rendered":"https:\/\/krcsports.com\/?post_type=product&#038;p=2312"},"modified":"2024-11-17T11:20:28","modified_gmt":"2024-11-17T11:20:28","slug":"punch-mitts","status":"publish","type":"product","link":"https:\/\/krcsports.com\/de\/manufacturer\/punch-mitts\/","title":{"rendered":"Schlagpratzen"},"content":{"rendered":"<ul class=\"a-unordered-list a-vertical a-spacing-mini\">\n<li class=\"a-spacing-mini\"><span class=\"a-list-item\">\u00a0Focus Punch Mitts nutzen modernste Gel Shock-Technologie mit 1\/4 Zoll dicker Gelschicht f\u00fcr ultimativen Sparring-Schutz<\/span><\/li>\n<li class=\"a-spacing-mini\"><span class=\"a-list-item\">Die Trainingshandschuhe sind klein, aber leistungsstark und haben eine Au\u00dfenseite aus strapazierf\u00e4higem Leder und eine Innenseite aus Wildleder. Sie sind 20 cm lang.<\/span><\/li>\n<li class=\"a-spacing-mini\"><span class=\"a-list-item\">Dieses Paar verf\u00fcgt \u00fcber eine konkave Schlagfl\u00e4che, die den perfekten Sweet Spot bietet, und l\u00e4sst sich leicht an- und ausziehen.<\/span><\/li>\n<li class=\"a-spacing-mini\"><span class=\"a-list-item\">Perfekte Trainingshandschuhe f\u00fcr Boxer, MMA, Muay Thai und Partner-Kontaktsportler zum \u00dcben einer Vielzahl von Schl\u00e4gen und Beinarbeit.<\/span><\/li>\n<li class=\"a-spacing-mini\"><span class=\"a-list-item\">Erg\u00e4nzen Sie Ihr Heim- oder Fitnessstudio mit der richtigen Kampftrainingsausr\u00fcstung, um Ihre Athleten in Form und wettkampfbereit zu bringen.<\/span><\/li>\n<\/ul>","protected":false},"excerpt":{"rendered":"<p>Zus\u00e4tzliche Fingerabdeckung f\u00fcr Komfort und Schutz<br \/>\nSuperweiche, extra dicke Handgelenksabdeckung auf der R\u00fcckseite umh\u00fcllt die Hand und h\u00e4lt die Handschuhe sicher am Trainer<br \/>\nSchaumstoffpolsterung bietet optimale Sto\u00dfd\u00e4mpfung<br \/>\nMikrogro\u00dfe Handschuhe bieten den besten Athleten pr\u00e4zise Schlagziele mit rasiermesserscharfen Schl\u00e4gen.<br \/>\nDas fantastische, geschwungene Design ist anatomisch korrekter f\u00fcr Benutzer und Trainer<\/p>","protected":false},"featured_media":2316,"template":"","meta":[],"product_cat":[57,48,36],"product_tag":[],"class_list":{"0":"post-2312","1":"product","2":"type-product","3":"status-publish","4":"has-post-thumbnail","6":"product_cat-taekwondo-mitts-target","7":"product_cat-martial-arts-target-pad","8":"product_cat-boxing-punching-bag","10":"first","11":"instock","12":"shipping-taxable","13":"product-type-simple"},"yoast_head":"<!-- This site is optimized with the Yoast SEO plugin v22.7 - https:\/\/yoast.com\/wordpress\/plugins\/seo\/ -->\n<title>punch mitts - trustworthy combat sports equipment manufacturer<\/title>\n<meta name=\"description\" content=\"MMA Focus Punch Mitts - Boxing MMA Training Fitness Kickboxing Muay Thai\" \/>\n<meta name=\"robots\" content=\"index, follow, max-snippet:-1, max-image-preview:large, max-video-preview:-1\" \/>\n<link rel=\"canonical\" href=\"https:\/\/krcsports.com\/de\/produkt\/punch-mitts\/\" \/>\n<meta property=\"og:locale\" content=\"de_DE\" \/>\n<meta property=\"og:type\" content=\"article\" \/>\n<meta property=\"og:title\" content=\"punch mitts - trustworthy combat sports equipment manufacturer\" \/>\n<meta property=\"og:description\" content=\"MMA Focus Punch Mitts - Boxing MMA Training Fitness Kickboxing Muay Thai\" \/>\n<meta property=\"og:url\" content=\"https:\/\/krcsports.com\/de\/produkt\/punch-mitts\/\" \/>\n<meta property=\"og:site_name\" content=\"trustworthy combat sports equipment manufacturer\" \/>\n<meta property=\"article:publisher\" content=\"https:\/\/www.facebook.com\/people\/Krc-sports\/100063994129159\/\" \/>\n<meta property=\"article:modified_time\" content=\"2024-11-17T11:20:28+00:00\" \/>\n<meta property=\"og:image\" content=\"https:\/\/krcsports.com\/wp-content\/uploads\/2024\/09\/punch-mitts-3.webp\" \/>\n\t<meta property=\"og:image:width\" content=\"800\" \/>\n\t<meta property=\"og:image:height\" content=\"800\" \/>\n\t<meta property=\"og:image:type\" content=\"image\/webp\" \/>\n<meta name=\"twitter:card\" content=\"summary_large_image\" \/>\n<meta name=\"twitter:label1\" content=\"Gesch\u00e4tzte Lesezeit\" \/>\n\t<meta name=\"twitter:data1\" content=\"1\u00a0Minute\" \/>\n<script type=\"application\/ld+json\" class=\"yoast-schema-graph\">{\"@context\":\"https:\/\/schema.org\",\"@graph\":[{\"@type\":\"WebPage\",\"@id\":\"https:\/\/krcsports.com\/manufacturer\/punch-mitts\/\",\"url\":\"https:\/\/krcsports.com\/manufacturer\/punch-mitts\/\",\"name\":\"punch mitts - trustworthy combat sports equipment manufacturer\",\"isPartOf\":{\"@id\":\"https:\/\/krcsports.com\/#website\"},\"primaryImageOfPage\":{\"@id\":\"https:\/\/krcsports.com\/manufacturer\/punch-mitts\/#primaryimage\"},\"image\":{\"@id\":\"https:\/\/krcsports.com\/manufacturer\/punch-mitts\/#primaryimage\"},\"thumbnailUrl\":\"https:\/\/cdn.krcsports.com\/2024\/09\/punch-mitts-3.webp\",\"datePublished\":\"2024-09-10T03:22:39+00:00\",\"dateModified\":\"2024-11-17T11:20:28+00:00\",\"description\":\"MMA Focus Punch Mitts - Boxing MMA Training Fitness Kickboxing Muay Thai\",\"breadcrumb\":{\"@id\":\"https:\/\/krcsports.com\/manufacturer\/punch-mitts\/#breadcrumb\"},\"inLanguage\":\"de\",\"potentialAction\":[{\"@type\":\"ReadAction\",\"target\":[\"https:\/\/krcsports.com\/manufacturer\/punch-mitts\/\"]}]},{\"@type\":\"ImageObject\",\"inLanguage\":\"de\",\"@id\":\"https:\/\/krcsports.com\/manufacturer\/punch-mitts\/#primaryimage\",\"url\":\"https:\/\/cdn.krcsports.com\/2024\/09\/punch-mitts-3.webp\",\"contentUrl\":\"https:\/\/cdn.krcsports.com\/2024\/09\/punch-mitts-3.webp\",\"width\":800,\"height\":800,\"caption\":\"punch mitts\"},{\"@type\":\"BreadcrumbList\",\"@id\":\"https:\/\/krcsports.com\/manufacturer\/punch-mitts\/#breadcrumb\",\"itemListElement\":[{\"@type\":\"ListItem\",\"position\":1,\"name\":\"Home\",\"item\":\"https:\/\/krcsports.com\/\"},{\"@type\":\"ListItem\",\"position\":2,\"name\":\"Products\",\"item\":\"https:\/\/krcsports.com\/shop\/\"},{\"@type\":\"ListItem\",\"position\":3,\"name\":\"punch mitts\"}]},{\"@type\":\"WebSite\",\"@id\":\"https:\/\/krcsports.com\/#website\",\"url\":\"https:\/\/krcsports.com\/\",\"name\":\"krc sports\",\"description\":\"\",\"publisher\":{\"@id\":\"https:\/\/krcsports.com\/#organization\"},\"potentialAction\":[{\"@type\":\"SearchAction\",\"target\":{\"@type\":\"EntryPoint\",\"urlTemplate\":\"https:\/\/krcsports.com\/?s={search_term_string}\"},\"query-input\":\"required name=search_term_string\"}],\"inLanguage\":\"de\"},{\"@type\":\"Organization\",\"@id\":\"https:\/\/krcsports.com\/#organization\",\"name\":\"krc sports\",\"url\":\"https:\/\/krcsports.com\/\",\"logo\":{\"@type\":\"ImageObject\",\"inLanguage\":\"de\",\"@id\":\"https:\/\/krcsports.com\/#\/schema\/logo\/image\/\",\"url\":\"https:\/\/krcsports.com\/wp-content\/uploads\/2024\/07\/logo.webp\",\"contentUrl\":\"https:\/\/krcsports.com\/wp-content\/uploads\/2024\/07\/logo.webp\",\"width\":80,\"height\":60,\"caption\":\"krc sports\"},\"image\":{\"@id\":\"https:\/\/krcsports.com\/#\/schema\/logo\/image\/\"},\"sameAs\":[\"https:\/\/www.facebook.com\/people\/Krc-sports\/100063994129159\/\"]}]}<\/script>\n<!-- \/ Yoast SEO plugin. -->","yoast_head_json":{"title":"Schlagpratzen - vertrauensw\u00fcrdiger Hersteller von Kampfsportausr\u00fcstung","description":"MMA Focus Punch Mitts - Boxen MMA Training Fitness Kickboxen Muay Thai","robots":{"index":"index","follow":"follow","max-snippet":"max-snippet:-1","max-image-preview":"max-image-preview:large","max-video-preview":"max-video-preview:-1"},"canonical":"https:\/\/krcsports.com\/de\/produkt\/punch-mitts\/","og_locale":"de_DE","og_type":"article","og_title":"punch mitts - trustworthy combat sports equipment manufacturer","og_description":"MMA Focus Punch Mitts - Boxing MMA Training Fitness Kickboxing Muay Thai","og_url":"https:\/\/krcsports.com\/de\/produkt\/punch-mitts\/","og_site_name":"trustworthy combat sports equipment manufacturer","article_publisher":"https:\/\/www.facebook.com\/people\/Krc-sports\/100063994129159\/","article_modified_time":"2024-11-17T11:20:28+00:00","og_image":[{"width":800,"height":800,"url":"https:\/\/krcsports.com\/wp-content\/uploads\/2024\/09\/punch-mitts-3.webp","type":"image\/webp"}],"twitter_card":"summary_large_image","twitter_misc":{"Gesch\u00e4tzte Lesezeit":"1\u00a0Minute"},"schema":{"@context":"https:\/\/schema.org","@graph":[{"@type":"WebPage","@id":"https:\/\/krcsports.com\/manufacturer\/punch-mitts\/","url":"https:\/\/krcsports.com\/manufacturer\/punch-mitts\/","name":"Schlagpratzen - vertrauensw\u00fcrdiger Hersteller von Kampfsportausr\u00fcstung","isPartOf":{"@id":"https:\/\/krcsports.com\/#website"},"primaryImageOfPage":{"@id":"https:\/\/krcsports.com\/manufacturer\/punch-mitts\/#primaryimage"},"image":{"@id":"https:\/\/krcsports.com\/manufacturer\/punch-mitts\/#primaryimage"},"thumbnailUrl":"https:\/\/cdn.krcsports.com\/2024\/09\/punch-mitts-3.webp","datePublished":"2024-09-10T03:22:39+00:00","dateModified":"2024-11-17T11:20:28+00:00","description":"MMA Focus Punch Mitts - Boxen MMA Training Fitness Kickboxen Muay Thai","breadcrumb":{"@id":"https:\/\/krcsports.com\/manufacturer\/punch-mitts\/#breadcrumb"},"inLanguage":"de","potentialAction":[{"@type":"ReadAction","target":["https:\/\/krcsports.com\/manufacturer\/punch-mitts\/"]}]},{"@type":"ImageObject","inLanguage":"de","@id":"https:\/\/krcsports.com\/manufacturer\/punch-mitts\/#primaryimage","url":"https:\/\/cdn.krcsports.com\/2024\/09\/punch-mitts-3.webp","contentUrl":"https:\/\/cdn.krcsports.com\/2024\/09\/punch-mitts-3.webp","width":800,"height":800,"caption":"punch mitts"},{"@type":"BreadcrumbList","@id":"https:\/\/krcsports.com\/manufacturer\/punch-mitts\/#breadcrumb","itemListElement":[{"@type":"ListItem","position":1,"name":"Home","item":"https:\/\/krcsports.com\/"},{"@type":"ListItem","position":2,"name":"Products","item":"https:\/\/krcsports.com\/shop\/"},{"@type":"ListItem","position":3,"name":"punch mitts"}]},{"@type":"WebSite","@id":"https:\/\/krcsports.com\/#website","url":"https:\/\/krcsports.com\/","name":"KRC-Sport","description":"","publisher":{"@id":"https:\/\/krcsports.com\/#organization"},"potentialAction":[{"@type":"SearchAction","target":{"@type":"EntryPoint","urlTemplate":"https:\/\/krcsports.com\/?s={search_term_string}"},"query-input":"required name=search_term_string"}],"inLanguage":"de"},{"@type":"Organization","@id":"https:\/\/krcsports.com\/#organization","name":"KRC-Sport","url":"https:\/\/krcsports.com\/","logo":{"@type":"ImageObject","inLanguage":"de","@id":"https:\/\/krcsports.com\/#\/schema\/logo\/image\/","url":"https:\/\/krcsports.com\/wp-content\/uploads\/2024\/07\/logo.webp","contentUrl":"https:\/\/krcsports.com\/wp-content\/uploads\/2024\/07\/logo.webp","width":80,"height":60,"caption":"krc sports"},"image":{"@id":"https:\/\/krcsports.com\/#\/schema\/logo\/image\/"},"sameAs":["https:\/\/www.facebook.com\/people\/Krc-sports\/100063994129159\/"]}]}},"_links":{"self":[{"href":"https:\/\/krcsports.com\/de\/wp-json\/wp\/v2\/product\/2312","targetHints":{"allow":["GET"]}}],"collection":[{"href":"https:\/\/krcsports.com\/de\/wp-json\/wp\/v2\/product"}],"about":[{"href":"https:\/\/krcsports.com\/de\/wp-json\/wp\/v2\/types\/product"}],"wp:featuredmedia":[{"embeddable":true,"href":"https:\/\/krcsports.com\/de\/wp-json\/wp\/v2\/media\/2316"}],"wp:attachment":[{"href":"https:\/\/krcsports.com\/de\/wp-json\/wp\/v2\/media?parent=2312"}],"wp:term":[{"taxonomy":"product_cat","embeddable":true,"href":"https:\/\/krcsports.com\/de\/wp-json\/wp\/v2\/product_cat?post=2312"},{"taxonomy":"product_tag","embeddable":true,"href":"https:\/\/krcsports.com\/de\/wp-json\/wp\/v2\/product_tag?post=2312"}],"curies":[{"name":"wp","href":"https:\/\/api.w.org\/{rel}","templated":true}]}}